{"id":978,"date":"2025-02-17T03:58:09","date_gmt":"2025-02-17T03:58:09","guid":{"rendered":"https:\/\/lena-christin.com\/?page_id=978"},"modified":"2025-02-17T05:40:45","modified_gmt":"2025-02-17T05:40:45","slug":"blog","status":"publish","type":"page","link":"https:\/\/lena-christin.com\/de\/blog\/","title":{"rendered":"Blog"},"content":{"rendered":"<p>Hier findest Du spannende Artikel rund um das Thema Spiritualit\u00e4t, Sinnsuche, Purpose sowie ein Leben und der Weg zum Wohlf\u00fchlgewicht frei von Di\u00e4tmentalit\u00e4ten.<\/p>\n\n\n\n<div style=\"height:20px\" aria-hidden=\"true\" class=\"wp-block-spacer\"><\/div>\n\n\n\n<div class=\"wp-block-query is-layout-flow wp-block-query-is-layout-flow\"><ul class=\"wp-block-post-template is-layout-flow wp-block-post-template-is-layout-flow\"><li class=\"wp-block-post post-1692 post type-post status-publish format-standard has-post-thumbnail hentry category-uncategorized-en\">\n\n<div class=\"wp-block-group has-global-padding is-layout-constrained wp-container-core-group-is-layout-4 wp-block-group-is-layout-constrained\">\n<div class=\"wp-block-group has-global-padding is-layout-constrained wp-block-group-is-layout-constrained\">\n<div class=\"wp-block-group is-layout-grid wp-container-core-group-is-layout-1 wp-block-group-is-layout-grid\"><\/div>\n<\/div>\n\n\n\n<div class=\"wp-block-group has-accent-3-background-color has-background has-global-padding is-layout-constrained wp-container-core-group-is-layout-3 wp-block-group-is-layout-constrained\" style=\"border-top-left-radius:0px;border-top-right-radius:0px;border-bottom-left-radius:20px;border-bottom-right-radius:20px;padding-top:var(--wp--preset--spacing--10);padding-right:var(--wp--preset--spacing--10);padding-bottom:var(--wp--preset--spacing--10);padding-left:var(--wp--preset--spacing--10)\"><div class=\"wp-block-post-date\"><time datetime=\"2025-02-21T08:42:28+00:00\">Februar 21, 2025<\/time><\/div>\n\n<h4 class=\"wp-block-post-title\"><a href=\"https:\/\/lena-christin.com\/de\/limitting-beliefs-that-stops-you-from-reaching-your-feel-good-weight-and-maintaining-it-in-the-long-term\/\" target=\"_self\" >Glaubenss\u00e4tze, die Dich abhalten Dein Wohlf\u00fchlgewicht zu erreichen und langfristig zu halten...<\/a><\/h4><\/div>\n<\/div>\n\n<\/li><li class=\"wp-block-post post-1678 post type-post status-publish format-standard has-post-thumbnail hentry category-blog\">\n\n<div class=\"wp-block-group has-global-padding is-layout-constrained wp-container-core-group-is-layout-8 wp-block-group-is-layout-constrained\">\n<div class=\"wp-block-group has-global-padding is-layout-constrained wp-block-group-is-layout-constrained\">\n<div class=\"wp-block-group is-layout-grid wp-container-core-group-is-layout-5 wp-block-group-is-layout-grid\"><\/div>\n<\/div>\n\n\n\n<div class=\"wp-block-group has-accent-3-background-color has-background has-global-padding is-layout-constrained wp-container-core-group-is-layout-7 wp-block-group-is-layout-constrained\" style=\"border-top-left-radius:0px;border-top-right-radius:0px;border-bottom-left-radius:20px;border-bottom-right-radius:20px;padding-top:var(--wp--preset--spacing--10);padding-right:var(--wp--preset--spacing--10);padding-bottom:var(--wp--preset--spacing--10);padding-left:var(--wp--preset--spacing--10)\"><div class=\"wp-block-post-date\"><time datetime=\"2025-02-17T07:16:37+00:00\">Februar 17, 2025<\/time><\/div>\n\n<h4 class=\"wp-block-post-title\"><a href=\"https:\/\/lena-christin.com\/de\/not-having-a-regular-cycle-is-not-normal\/\" target=\"_self\" >Das Deine Periode gar nicht oder nur unregelm\u00e4\u00dfig kommt, ist NICHT normal...<\/a><\/h4><\/div>\n<\/div>\n\n<\/li><li class=\"wp-block-post post-1671 post type-post status-publish format-standard has-post-thumbnail hentry category-blog\">\n\n<div class=\"wp-block-group has-global-padding is-layout-constrained wp-container-core-group-is-layout-12 wp-block-group-is-layout-constrained\">\n<div class=\"wp-block-group has-global-padding is-layout-constrained wp-block-group-is-layout-constrained\">\n<div class=\"wp-block-group is-layout-grid wp-container-core-group-is-layout-9 wp-block-group-is-layout-grid\"><\/div>\n<\/div>\n\n\n\n<div class=\"wp-block-group has-accent-3-background-color has-background has-global-padding is-layout-constrained wp-container-core-group-is-layout-11 wp-block-group-is-layout-constrained\" style=\"border-top-left-radius:0px;border-top-right-radius:0px;border-bottom-left-radius:20px;border-bottom-right-radius:20px;padding-top:var(--wp--preset--spacing--10);padding-right:var(--wp--preset--spacing--10);padding-bottom:var(--wp--preset--spacing--10);padding-left:var(--wp--preset--spacing--10)\"><div class=\"wp-block-post-date\"><time datetime=\"2025-02-17T06:57:00+00:00\">Februar 17, 2025<\/time><\/div>\n\n<h4 class=\"wp-block-post-title\"><a href=\"https:\/\/lena-christin.com\/de\/tbd-what-your-cravings-really-want-to-tell-you\/\" target=\"_self\" >Was Deine Gel\u00fcste Dir wirklich mitteilen wollen<\/a><\/h4><\/div>\n<\/div>\n\n<\/li><\/ul>\n\n\n<div class=\"wp-block-group has-global-padding is-layout-constrained wp-block-group-is-layout-constrained\"><nav class=\"wp-block-query-pagination is-layout-flex wp-block-query-pagination-is-layout-flex\" aria-label=\"Seitennummerierung\">\n\n\n<div class=\"wp-block-query-pagination-numbers\"><span aria-current=\"page\" class=\"page-numbers current\">1<\/span>\n<a class=\"page-numbers\" href=\"?query-21-page=2\">2<\/a>\n<a class=\"page-numbers\" href=\"?query-21-page=3\">3<\/a><\/div>\n\n<a href=\"\/de\/wp-json\/wp\/v2\/pages\/978?query-21-page=2\" class=\"wp-block-query-pagination-next\">N\u00e4chste Seite<\/a>\n<\/nav><\/div>\n\n\n<\/div>\n\n\n\n<p><\/p>","protected":false},"excerpt":{"rendered":"<p>Hier findest Du spannende Artikel rund um das Thema Spiritualit\u00e4t, Sinnsuche, Purpose sowie ein Leben und der Weg zum Wohlf\u00fchlgewicht frei von Di\u00e4tmentalit\u00e4ten.<\/p>","protected":false},"author":1,"featured_media":1638,"parent":0,"menu_order":0,"comment_status":"closed","ping_status":"closed","template":"","meta":{"footnotes":""},"class_list":["post-978","page","type-page","status-publish","has-post-thumbnail","hentry"],"aioseo_notices":[],"_hostinger_reach_plugin_has_subscription_block":false,"_hostinger_reach_plugin_is_elementor":false,"_links":{"self":[{"href":"https:\/\/lena-christin.com\/de\/wp-json\/wp\/v2\/pages\/978"}],"collection":[{"href":"https:\/\/lena-christin.com\/de\/wp-json\/wp\/v2\/pages"}],"about":[{"href":"https:\/\/lena-christin.com\/de\/wp-json\/wp\/v2\/types\/page"}],"author":[{"embeddable":true,"href":"https:\/\/lena-christin.com\/de\/wp-json\/wp\/v2\/users\/1"}],"replies":[{"embeddable":true,"href":"https:\/\/lena-christin.com\/de\/wp-json\/wp\/v2\/comments?post=978"}],"version-history":[{"count":15,"href":"https:\/\/lena-christin.com\/de\/wp-json\/wp\/v2\/pages\/978\/revisions"}],"predecessor-version":[{"id":1655,"href":"https:\/\/lena-christin.com\/de\/wp-json\/wp\/v2\/pages\/978\/revisions\/1655"}],"wp:featuredmedia":[{"embeddable":true,"href":"https:\/\/lena-christin.com\/de\/wp-json\/wp\/v2\/media\/1638"}],"wp:attachment":[{"href":"https:\/\/lena-christin.com\/de\/wp-json\/wp\/v2\/media?parent=978"}],"curies":[{"name":"wp","href":"https:\/\/api.w.org\/{rel}","templated":true}]}}