{"id":955,"date":"2024-09-06T14:29:38","date_gmt":"2024-09-06T14:29:38","guid":{"rendered":"https:\/\/lena-christin.com\/?page_id=955"},"modified":"2024-09-20T14:26:50","modified_gmt":"2024-09-20T14:26:50","slug":"imprint","status":"publish","type":"page","link":"https:\/\/lena-christin.com\/de\/imprint\/","title":{"rendered":"Impressum"},"content":{"rendered":"<h3 class=\"wp-block-heading\">Angaben gem. \u00a7 5 TMG<\/h3>\n\n\n\n<p>LC Coaching<\/p>\n\n\n\n<p>Waffenschmiedstra\u00dfe 10\u2028<br>81927 M\u00fcnchen<\/p>\n\n\n\n<h3 class=\"wp-block-heading\">Vertreten durch:<\/h3>\n\n\n\n<p>Lena-Christin Jacobsen<\/p>\n\n\n\n<h3 class=\"wp-block-heading\">Kontakt<\/h3>\n\n\n\n<p>E-Mail: mail@lena-christin.com<\/p>\n\n\n\n<p>Telefon: +49 152 345 718 67<\/p>\n\n\n\n<h3 class=\"wp-block-heading\">EU-Streitbeilegung<\/h3>\n\n\n\n<p>Durch die Europ\u00e4ische Kommission wird eine Plattform zur Online-Streitbeilegung (OS) bereitgestellt: https:\/\/ec.europa.eu\/consumers\/odr\/ <a href=\"https:\/\/ec.europa.eu\/consumers\/odr\/.\">https:\/\/ec.europa.eu\/consumers\/odr\/<\/a><\/p>\n\n\n\n<h3 class=\"wp-block-heading\">Haftungsausschluss<\/h3>\n\n\n\n<p>Wir sind f\u00fcr die Inhalte unserer Internetseiten nach den Ma\u00dfgaben der allgemeinen Gesetzen, insbesondere nach \u00a7 7 Abs. 1 des Telemediengesetzes, verantwortlich. Alle Inhalte werden mit der gebotenen Sorgfalt und nach bestem Wissen erstellt. Soweit wir auf unseren Internetseiten mittels Hyperlink auf Internetseiten Dritter verweisen, k\u00f6nnen wir keine Gew\u00e4hr f\u00fcr die fortw\u00e4hrende Aktualit\u00e4t, Richtigkeit und Vollst\u00e4ndigkeit der verlinkten Inhalte \u00fcbernehmen, da diese Inhalte au\u00dferhalb unseres Verantwortungsbereichs liegen und wir auf die zuk\u00fcnftige Gestaltung keinen Einfluss haben. Sollten aus Ihrer Sicht Inhalte gegen geltendes Recht versto\u00dfen oder unangemessen sein, teilen Sie uns dies bitte mit.<\/p>\n\n\n\n<p>Die rechtlichen Hinweise auf dieser Seite sowie alle Fragen und Streitigkeiten im Zusammenhang mit der Gestaltung dieser Internetseite unterliegen dem Recht der Bundesrepublik Deutschland.<\/p>\n\n\n\n<h3 class=\"wp-block-heading\">Urheberrechtshinweis<\/h3>\n\n\n\n<p>Die auf unserer Internetseite vorhandenen Texte, Bilder, Fotos, Videos oder Grafiken unterliegen in der Regel dem Schutz des Urheberrechts. Jede unberechtigte Verwendung (insbesondere die Vervielf\u00e4ltigung, Bearbeitung oder Verbreitung) dieser urheberrechtsgesch\u00fctzten Inhalte ist daher untersagt. Wenn Sie beabsichtigen, diese Inhalte oder Teile davon zu verwenden, kontaktieren Sie uns bitte im Voraus unter den oben stehenden Angaben. Soweit wir nicht selbst Inhaber der ben\u00f6tigten urheberrechtlichen Nutzungsrechte sein sollten, bem\u00fchen wir uns, einen Kontakt zum Berechtigten zu vermitteln.<\/p>\n\n\n\n<h3 class=\"wp-block-heading\">Social-Media-Profile<\/h3>\n\n\n\n<p>Dieses Impressum gilt auch f\u00fcr folgende Social-Media-Profile:<\/p>\n\n\n\n<p><a href=\"https:\/\/www.instagram.com\/lenachristin.coaching?igsh=eGVic3U3M3RtZ3E2&amp;utm_source=qr\" title=\"Instagram\">Instagram<\/a><br><a href=\"https:\/\/www.linkedin.com\/in\/lena-christin-jacobsen-a106b7166\/\" title=\"\">LinkedIn<\/a><\/p>\n\n\n\n<p><\/p>\n\n\n\n<p><em>Erstellt mit freundlicher Unterst\u00fctzung von Dieter macht den Datenschutz <a href=\"https:\/\/www.dieter-datenschutz.de\/\">Dieter macht den Datenschutz<\/a><\/em><\/p>","protected":false},"excerpt":{"rendered":"<p>Information according to \u00a7 5 TMG LC Coaching Waffenschmiedstra\u00dfe 1081927 Munich Represented by: Lena-Christin Jacobsen Contact us E-Mail: mail@lena-christin.com Phone: +49 152 345 718 67 EU dispute resolution The European Commission provides a platform for online dispute resolution (OS): https:\/\/ec.europa.eu\/consumers\/odr\/ Disclaimer We are responsible for the content of our website in accordance with the provisions [&hellip;]<\/p>","protected":false},"author":1,"featured_media":0,"parent":0,"menu_order":0,"comment_status":"closed","ping_status":"closed","template":"","meta":{"footnotes":""},"class_list":["post-955","page","type-page","status-publish","hentry"],"aioseo_notices":[],"_hostinger_reach_plugin_has_subscription_block":false,"_hostinger_reach_plugin_is_elementor":false,"_links":{"self":[{"href":"https:\/\/lena-christin.com\/de\/wp-json\/wp\/v2\/pages\/955"}],"collection":[{"href":"https:\/\/lena-christin.com\/de\/wp-json\/wp\/v2\/pages"}],"about":[{"href":"https:\/\/lena-christin.com\/de\/wp-json\/wp\/v2\/types\/page"}],"author":[{"embeddable":true,"href":"https:\/\/lena-christin.com\/de\/wp-json\/wp\/v2\/users\/1"}],"replies":[{"embeddable":true,"href":"https:\/\/lena-christin.com\/de\/wp-json\/wp\/v2\/comments?post=955"}],"version-history":[{"count":5,"href":"https:\/\/lena-christin.com\/de\/wp-json\/wp\/v2\/pages\/955\/revisions"}],"predecessor-version":[{"id":1189,"href":"https:\/\/lena-christin.com\/de\/wp-json\/wp\/v2\/pages\/955\/revisions\/1189"}],"wp:attachment":[{"href":"https:\/\/lena-christin.com\/de\/wp-json\/wp\/v2\/media?parent=955"}],"curies":[{"name":"wp","href":"https:\/\/api.w.org\/{rel}","templated":true}]}}