{"id":946,"date":"2024-09-06T14:14:01","date_gmt":"2024-09-06T14:14:01","guid":{"rendered":"https:\/\/lena-christin.com\/?page_id=946"},"modified":"2024-10-09T06:45:08","modified_gmt":"2024-10-09T06:45:08","slug":"general-terms-and-conditions","status":"publish","type":"page","link":"https:\/\/lena-christin.com\/de\/general-terms-and-conditions\/","title":{"rendered":"Allgemeine Gesch\u00e4ftsbedingungen"},"content":{"rendered":"<h2 class=\"wp-block-heading\">Geltungsbereich<\/h2>\n\n\n\n<p>Die folgenden Allgemeinen Gesch\u00e4ftsbedingungen regeln das Vertragsverh\u00e4ltnis zwischen LC Coaching, vertreten durch Lena-Christin Jacobsen, und ihren Klient*Innen.\nDie AGB\u00b4s beziehen sich auf alle angebotenen Kurse, Workshops, Specials und Einzelstunden.<\/p>\n\n\n\n<h2 class=\"wp-block-heading\">Anmeldung und Bezahlung&nbsp;<\/h2>\n\n\n\n<p>Die Anmeldung zu einem Coaching oder zu Workshops und Kursen erfolgt per E-Mail, WhatsApp,  m\u00fcndlich oder \u00fcber die Buchungsplattform Tu Calendi. Sie gilt als verbindlich, sobald eine Best\u00e4tigung erhalten wurde und verpflichtet den\/die Klient*In zur Zahlung der vollst\u00e4ndigen Geb\u00fchr. Die Kosten f\u00fcr gebuchte Leistungen sind vorab per \u00dcberweisung oder via Stripe w\u00e4hrend des Buchungsprozesses in Tu Calendi zu entrichten. Einmal geleistete Zahlungen k\u00f6nnen nicht zur\u00fcckerstattet werden. Erworbene Leistungen sind nicht \u00fcbertragbar. Mit der Anmeldung werden die Allgemeinen Gesch\u00e4ftsbedingungen anerkannt&nbsp;<\/p>\n\n\n\n<h2 class=\"wp-block-heading\">Stornierung durch den Kunden<\/h2>\n\n\n\n<p><strong>Stornierung einer 1:1 Session <\/strong><\/p>\n\n\n\n<p>Eine Absage oder Terminverschiebung einer 1:1 Session im Rahmen des Coaching oder anderen angebotenen Leistungen ist bis sp\u00e4testens 24 h vor dem Termin kostenfrei m\u00f6glich. Im Falle einer sp\u00e4teren Terminabsage bzw. Terminverschiebung sowie bei Nichterscheinen wird das Honorar f\u00fcr die vereinbarte Zeit voll in Rechnung gestellt.<\/p>\n\n\n\n<p><strong>Stornierung von Workshops oder Gruppen Kundalini Activation Session<\/strong><\/p>\n\n\n\n<p>Die Stornierung einer bereits gebuchten Gruppen-Kundalini Activation oder anderer Workshops ist nicht m\u00f6glich, es erfolgt keine R\u00fcckerstattung.<\/p>\n\n\n\n<h2 class=\"wp-block-heading\">Termin\u00e4nderungen\/Ausfall durch LC Coaching<\/h2>\n\n\n\n<p>Sollte ein Termin seitens LC Coaching nicht stattfinden k\u00f6nnen, so wird die Stunde auf den n\u00e4chstm\u00f6glichen Termin verlegt.\nIm Falle von Kursen oder Workshops \u00fcbertr\u00e4gt sich die G\u00fcltigkeit auf eine Ersatzveranstaltung. Sollte eine Teilnahme von Seiten des Klienten \/ der Klientin nicht m\u00f6glich sein, werden die Geb\u00fchren in vollem Umfang erstattet. Bereits angefallene Anfahrts- bzw. \u00dcbernachtungskosten k\u00f6nnen nicht erstattet werden.&nbsp;<\/p>\n\n\n\n<h2 class=\"wp-block-heading\"><strong>Haftungsausschluss<\/strong><\/h2>\n\n\n\n<p>Die Teilnahme an den Coaching Angeboten oder angebotenen Workshops geschieht in eigener Verantwortung. Haftung f\u00fcr Sch\u00e4den oder Verluste jeglicher Art k\u00f6nnen nicht \u00fcbernommen werden.\nTeilnehmende verpflichten sich, auf gesundheitliche Einschr\u00e4nkungen hinzuweisen und ggfs. ihren behandelnden Arzt zur Abkl\u00e4rung von Ausschlussgr\u00fcnden und Verhaltensregeln aufzusuchen.<\/p>\n\n\n\n<p><strong>Es wird ausdr\u00fccklich darauf hingewiesen, dass Coaching und Energie \nArbeit&nbsp;<\/strong>keine \u00e4rztliche Behandlung oder Therapie ersetzt.\nDer Klient \/ die Klientin tr\u00e4gt die volle Verantwortung f\u00fcr seine Gesundheit und sein Handeln und das Aufsuchen qualifizierter Fachleute bei gesundheitlichen Problemen.&nbsp;<\/p>\n\n\n\n<h2 class=\"wp-block-heading\">Datenschutz<\/h2>\n\n\n\n<p>Mit der Anmeldung erkl\u00e4rt sich der\/die Klient*In mit der Speicherung seiner\/ihrer pers\u00f6nlichen Daten (Name, Anschrift, Telefonnummer und Email Adresse) einverstanden. Die Daten werden ausschlie\u00dflich zur Abwicklung des Coachings oder der Kurse verwendet und \u00fcber weiterf\u00fchrende Angebote zu informieren. Es erfolgt keine Weitergabe an Dritte. Weiterf\u00fchrende Informationen finden Sie im Bereich <a href=\"https:\/\/lena-christin.com\/de\/privacy-policy\/\" title=\"Datenschutz\">Datenschutz<\/a>.&nbsp;<\/p>\n\n\n\n<p><\/p>\n\n\n\n<p>Stand September 2024<\/p>","protected":false},"excerpt":{"rendered":"<p>Scope The following general terms and conditions regulate the contractual relationship between LC Coaching, represented by Lena-Christin Jacobsen, and its clients. The general terms and conditions apply to all courses, workshops, specials and individual lessons offered. Registration and payment&nbsp; Registration for coaching or workshops and courses is done by email, WhatsApp, verbally or when scheduling [&hellip;]<\/p>","protected":false},"author":1,"featured_media":0,"parent":0,"menu_order":0,"comment_status":"closed","ping_status":"closed","template":"","meta":{"footnotes":""},"class_list":["post-946","page","type-page","status-publish","hentry"],"aioseo_notices":[],"_hostinger_reach_plugin_has_subscription_block":false,"_hostinger_reach_plugin_is_elementor":false,"_links":{"self":[{"href":"https:\/\/lena-christin.com\/de\/wp-json\/wp\/v2\/pages\/946"}],"collection":[{"href":"https:\/\/lena-christin.com\/de\/wp-json\/wp\/v2\/pages"}],"about":[{"href":"https:\/\/lena-christin.com\/de\/wp-json\/wp\/v2\/types\/page"}],"author":[{"embeddable":true,"href":"https:\/\/lena-christin.com\/de\/wp-json\/wp\/v2\/users\/1"}],"replies":[{"embeddable":true,"href":"https:\/\/lena-christin.com\/de\/wp-json\/wp\/v2\/comments?post=946"}],"version-history":[{"count":9,"href":"https:\/\/lena-christin.com\/de\/wp-json\/wp\/v2\/pages\/946\/revisions"}],"predecessor-version":[{"id":1386,"href":"https:\/\/lena-christin.com\/de\/wp-json\/wp\/v2\/pages\/946\/revisions\/1386"}],"wp:attachment":[{"href":"https:\/\/lena-christin.com\/de\/wp-json\/wp\/v2\/media?parent=946"}],"curies":[{"name":"wp","href":"https:\/\/api.w.org\/{rel}","templated":true}]}}