{"id":598,"date":"2024-08-09T16:31:12","date_gmt":"2024-08-09T16:31:12","guid":{"rendered":"https:\/\/lena-christin.com\/?page_id=598"},"modified":"2025-08-14T11:26:03","modified_gmt":"2025-08-14T11:26:03","slug":"packages","status":"publish","type":"page","link":"https:\/\/lena-christin.com\/de\/packages\/","title":{"rendered":"Individuelle Pakete &amp; Bundles"},"content":{"rendered":"<p>Innerhalb der hier aufgef\u00fchrten Bundles betrachten wir gemeinsam alle Ebenen Deines Seins: K\u00f6rper, Geist und Seele. Dies erm\u00f6glicht eine tiefgehende Heilungsarbeit und kann Dir helfen, ein authentisches und erf\u00fclltes Leben zu f\u00fchren, indem Du die Weisheit Deiner Seele in Dein t\u00e4gliches Leben integrierst.<\/p>\n\n\n\n<p>Bitte beachte, dass die Angaben der Zeit-Abst\u00e4nde und auch der Themen, die sich zeigen und daher auch die Wahl der Methoden sich individuell nach Deinen Bed\u00fcrfnissen richten und sich somit ver\u00e4ndern kann.\nDie von mir angebotenen Heilungen und Coachings kein Ersatz f\u00fcr eine medizinische Behandlung ist. Es handelt sich um eine Unterst\u00fctzung. Bei starken mentalen und gesundheitlichen Problemen wende Dich bitte zus\u00e4tzlich an qualifizierte Fachleute.<\/p>\n\n\n\n<div class=\"wp-block-group has-accent-3-background-color has-background has-global-padding is-layout-constrained wp-container-core-group-is-layout-3 wp-block-group-is-layout-constrained\" style=\"border-radius:30px;padding-top:30px;padding-right:30px;padding-bottom:30px;padding-left:30px\">\n<h2 class=\"wp-block-heading\">Schnupper Deep Dive \u2013 3er Bundle<\/h2>\n\n\n\n<p>Dieses Paket eignet sich optimal als Kennlern-Paket. Es beinhaltet drei Sessions und erstreckt sich \u00fcber einen Zeitraum von einem Monat. Du hast die M\u00f6glichkeit, die Energiearbeit kennenzulernen und ein Thema ganzheitlich zu bearbeiten:<\/p>\n\n\n\n<hr class=\"wp-block-separator has-alpha-channel-opacity is-style-wide\"\/>\n\n\n\n<p>Woche 1: Initiales Energetisches Erst-Coaching<\/p>\n\n\n\n<hr class=\"wp-block-separator has-alpha-channel-opacity is-style-wide\"\/>\n\n\n\n<p>Woche 2: intensive energetische Heilung oder Kundalini Activation<\/p>\n\n\n\n<hr class=\"wp-block-separator has-alpha-channel-opacity is-style-wide\"\/>\n\n\n\n<p>Woche 4: Breathwork, energetisches oder integratives Coaching<\/p>\n\n\n\n<hr class=\"wp-block-separator has-alpha-channel-opacity is-style-wide\"\/>\n\n\n\n<div class=\"wp-block-group is-nowrap is-layout-flex wp-container-core-group-is-layout-2 wp-block-group-is-layout-flex\">\n<div class=\"wp-block-group has-accent-4-background-color has-background has-global-padding is-content-justification-center is-layout-constrained wp-container-core-group-is-layout-1 wp-block-group-is-layout-constrained\" style=\"border-radius:60px;padding-top:10px;padding-right:10px;padding-bottom:10px;padding-left:10px\">\n<p class=\"has-text-align-center\" style=\"font-size:clamp(14px, 0.875rem + ((1vw - 3.2px) * 0.208), 16px);line-height:1\">+ 1 Audio Meditation<\/p>\n<\/div>\n<\/div>\n\n\n\n<div style=\"height:10px\" aria-hidden=\"true\" class=\"wp-block-spacer\"><\/div>\n\n\n\n<h4 class=\"wp-block-heading\"><strong>Preis: 555\u20ac<\/strong><\/h4>\n<\/div>\n\n\n\n<p>Du selbst bestimmst den Rahmen unserer Arbeit. Du entscheidest, an welchen Themen Du arbeiten m\u00f6chtest und welche energetischen oder k\u00f6rperlichen Elemente Du in unsere Zusammenarbeit integrieren m\u00f6chtest. Du selbst kommst in Deine Selbsterm\u00e4chtigung und \u00fcbernimmst die Verantwortung f\u00fcr Deinen Weg und Dein Wachstum.<\/p>\n\n\n\n<p>Du allein bestimmst das Tempo Deiner Reise. Ich unterst\u00fctze Dich auf der Reise zu Dir selbst, bin f\u00fcr Dich da und zeige Dir, wie Du Dich wieder mit Dir selbst verbinden und Dein inneres Licht wiederentdecken kannst.<\/p>\n\n\n\n<div class=\"wp-block-group has-accent-3-background-color has-background is-layout-flow wp-block-group-is-layout-flow\" style=\"border-radius:30px;padding-top:30px;padding-right:30px;padding-bottom:30px;padding-left:30px\">\n<h2 class=\"wp-block-heading\" id=\"getintouch\" style=\"padding-top:0;padding-bottom:0\">Hast Du Fragen?<\/h2>\n\n\n\n<p>Gerne k\u00f6nnen wir uns zu einem kostenlosen Kennlern-Gespr\u00e4ch treffen, in dem ich Dir Deine Fragen beantworte und Dir helfe, das f\u00fcr Dich geeignete Angebot zu finden.<\/p>\n\n\n\n<div class=\"wp-block-buttons is-layout-flex wp-block-buttons-is-layout-flex\">\n<div class=\"wp-block-button has-custom-width wp-block-button__width-100 has-custom-font-size is-style-fill has-noto-sans-font-family has-medium-font-size\"><a class=\"wp-block-button__link has-base-2-color has-accent-2-background-color has-text-color has-background has-link-color wp-element-button\" href=\"https:\/\/lena-christin.tucalendi.com\/lena-christin\/kennlerncall\" style=\"border-radius:5px\">Ein kostenloses Erstgespr\u00e4ch buchen<\/a><\/div>\n<\/div>\n\n\n\n<p style=\"font-size:clamp(14px, 0.875rem + ((1vw - 3.2px) * 0.208), 16px);\">Oder kontaktiere mich per <a href=\"mailto:mail@lena-christin.com\" data-type=\"mailto\" data-id=\"mailto:mail@lena-christin.com\">Email<\/a> oder <a href=\"https:\/\/wa.me\/4915234571867\" data-type=\"link\" data-id=\"https:\/\/wa.me\/4915234571867\">WhatsApp<\/a><\/p>\n<\/div>\n\n\n\n<p><\/p>","protected":false},"excerpt":{"rendered":"<p>In the packages I offer,&nbsp; we work on all levels of your being: body, mind and soul. This enables deep healing work and can help you live an authentic and fulfilling life by integrating your soul&#8217;s wisdom into your daily life. Please note that the information about the time intervals and also the topics that [&hellip;]<\/p>","protected":false},"author":1,"featured_media":0,"parent":0,"menu_order":0,"comment_status":"closed","ping_status":"closed","template":"","meta":{"footnotes":""},"class_list":["post-598","page","type-page","status-publish","hentry"],"aioseo_notices":[],"_hostinger_reach_plugin_has_subscription_block":false,"_hostinger_reach_plugin_is_elementor":false,"_links":{"self":[{"href":"https:\/\/lena-christin.com\/de\/wp-json\/wp\/v2\/pages\/598"}],"collection":[{"href":"https:\/\/lena-christin.com\/de\/wp-json\/wp\/v2\/pages"}],"about":[{"href":"https:\/\/lena-christin.com\/de\/wp-json\/wp\/v2\/types\/page"}],"author":[{"embeddable":true,"href":"https:\/\/lena-christin.com\/de\/wp-json\/wp\/v2\/users\/1"}],"replies":[{"embeddable":true,"href":"https:\/\/lena-christin.com\/de\/wp-json\/wp\/v2\/comments?post=598"}],"version-history":[{"count":51,"href":"https:\/\/lena-christin.com\/de\/wp-json\/wp\/v2\/pages\/598\/revisions"}],"predecessor-version":[{"id":1849,"href":"https:\/\/lena-christin.com\/de\/wp-json\/wp\/v2\/pages\/598\/revisions\/1849"}],"wp:attachment":[{"href":"https:\/\/lena-christin.com\/de\/wp-json\/wp\/v2\/media?parent=598"}],"curies":[{"name":"wp","href":"https:\/\/api.w.org\/{rel}","templated":true}]}}