{"id":595,"date":"2024-08-09T14:50:09","date_gmt":"2024-08-09T14:50:09","guid":{"rendered":"https:\/\/lena-christin.com\/?page_id=595"},"modified":"2025-08-21T14:54:17","modified_gmt":"2025-08-21T14:54:17","slug":"energy-healing","status":"publish","type":"page","link":"https:\/\/lena-christin.com\/de\/energy-healing\/","title":{"rendered":"Energieheilung"},"content":{"rendered":"<figure class=\"wp-block-image size-large\"><img loading=\"lazy\" decoding=\"async\" width=\"1024\" height=\"819\"  src=\"https:\/\/lena-christin.com\/wp-content\/uploads\/2024\/06\/IMG_6425-1024x819.jpg\" alt=\"\" class=\"wp-image-201\" srcset=\"https:\/\/lena-christin.com\/wp-content\/uploads\/2024\/06\/IMG_6425-1024x819.jpg 1024w, https:\/\/lena-christin.com\/wp-content\/uploads\/2024\/06\/IMG_6425-300x240.jpg 300w, https:\/\/lena-christin.com\/wp-content\/uploads\/2024\/06\/IMG_6425-768x614.jpg 768w, https:\/\/lena-christin.com\/wp-content\/uploads\/2024\/06\/IMG_6425.jpg 1064w\" sizes=\"auto, (max-width: 980px) 100vw, 980px\" \/><\/figure>\n\n\n\n<p>Die Energiearbeit kann ein kraftvolles Tool sein, um die Heilung auf einer tiefen Ebene zu unterst\u00fctzen. Alles ist Energie. Wir alle bestehen aus Energie und um uns herum ist Energie. Unsere Gedanken und Gef\u00fchle sind Energie, und wenn wir denken und f\u00fchlen, senden wir energetische Schwingungen aus. Bevor sich Krankheiten auf k\u00f6rperlicher Ebene manifestieren, zeigen sie sich auf der energetischen Ebene im mentalen oder emotionalen K\u00f6rper.<\/p>\n\n\n\n<p>Die verschiedenen Techniken, die ich anbiete, erm\u00f6glichen Dir einen sanften und doch tiefgreifenden Ansatz, und k\u00f6nnen Dir helfen, in Deine innere Welt einzutreten, Blockaden und Glaubenss\u00e4tze in Deinem Unterbewusstsein aufzudecken und zu transformieren und somit Deine Frequenz zu erh\u00f6hen und mehr Liebe, Freude und Licht in Deinen Alltag zu bringen.<\/p>\n\n\n\n<p>Methoden der Energiearbeit unterst\u00fctzen eine tiefe Heilung auf unterbewusster Ebene, denn sie k\u00f6nnen Dir dabei helfen, einen Zugang zu Deiner Seele und Deinem Unterbewusstsein zu erhalten, in dem all Deine Erfahrungen, die Du gemacht hast, abgespeichert sind, mit den dazu zugeh\u00f6rigen Emotionen und Gef\u00fchlen. Innerhalb der Energie-Arbeit gibt es verschiedene Methoden, mit deren Unterst\u00fctzung unangenehme Emotionen und Blockaden aufgedeckt werden k\u00f6nnen, und die Dir helfen k\u00f6nnen, mehr Leichtigkeit und Lebensfreude in Dein Leben zu bringen. Energiearbeit geht \u00fcber die kognitive Vorstellung hinaus.<\/p>\n\n\n\n<p>Hier findest Du ein paar mehr Informationen zu den verschiedenen Methoden der Energieheilung und wobei sie Dir eine Unterst\u00fctzung in der Heilung sein k\u00f6nnen:<\/p>\n\n\n\n<ul class=\"wp-block-list\">\n<li>Aura und Chakra Heilung<\/li>\n\n\n\n<li>Akasha Chronik Lesung<\/li>\n\n\n\n<li>Karma Heilung \/ Regenbogenreise<\/li>\n\n\n\n<li>Innere Kind Heilung<\/li>\n\n\n\n<li>Ahnen Heilung<\/li>\n\n\n\n<li>Scho\u00dfraum \/ Geburtstrauma Heilung<\/li>\n\n\n\n<li>Mental Coaching und Gef\u00fchlsarbeit<\/li>\n\n\n\n<li>Reiki<\/li>\n\n\n\n<li>Access Bars<\/li>\n<\/ul>\n\n\n\n<h2 class=\"wp-block-heading\" id=\"chakra\">Aura- und Chakra Heilung<\/h2>\n\n\n\n<p>Chakren sind Energie-Zentren in Deinem K\u00f6rper, die entlang der Wirbels\u00e4ule verlaufen. Ein Chakra kannst Du Dir wie ein kleines Rad vorstellen, dass sich in gesundem Zustand dreht und daf\u00fcr sorgt, dass die Energie zu allen anderen Chakren, Organen und K\u00f6rperzellen in Deinem System flie\u00dfen kann.\nIst ein Chakra blockiert, kann der Energie-Fluss gest\u00f6rt sein, was sich in Deinem physischen, energetischen, mentalen und emotionalen System bemerkbar machen kann.&nbsp;<\/p>\n\n\n\n<p>Die Aura ist ein elektromagnetisches Energiefeld, das Deinen K\u00f6rper umgibt und durchdringt und aus verschiedenen Schichten mit zugeh\u00f6rigen Farben und Lebensbereichen besteht.\nDa Krankheiten zuerst in der Aura auftreten, bevor sie sich im physischen K\u00f6rper manifestieren, ist es wichtig, Deine Aura zu regelm\u00e4\u00dfig zu reinigen und sch\u00fctzen, um Dein energetisches Wohlbefinden aufrechtzuerhalten und Dich vor negativen Einfl\u00fcssen zu sch\u00fctzen.<\/p>\n\n\n\n<p>Beim Auslesen und der Heilung von Deinen Chakren und Deiner Aura k\u00f6nnen blockierende Glaubenss\u00e4tze oder andere Blockaden in Deiner Aura erkannt werden.<\/p>\n\n\n\n<h2 class=\"wp-block-heading\" id=\"Akasha\">Lesung aus Deiner Akasha Chronik<\/h2>\n\n\n\n<p><em>Entdecke die Geheimnisse Deiner Seele durch die heilige Akasha-Chronik. Tauch tief in Dein Inneres ein und entdecke die unendliche Weisheit und Wahrheit, die in Dir wohnt und Deinen Weg erhellt!<\/em><\/p>\n\n\n\n<p>Die Akasha Chroniken sind das Buch Deiner Seele, in dem Dein Seelenplan gespeichert ist. In den Chroniken sind alle Informationen aus Deinem jetzigen Leben und auch aus Vorleben gespeichert: Deine Gedanken, Deine W\u00f6rter, Deine Gef\u00fchle, Intentionen und Handlungen.<\/p>\n\n\n\n<p>Eine Lesung in Deinen Akasha Chroniken bietet die M\u00f6glichkeit Heilungen und Antworten zu finden. Die Arbeit mit Deiner Akasha Chronik kann Erkl\u00e4rungen und L\u00f6sungen zu wiederkehrenden Mustern und Situationen aufzeigen und welche Rollen in Deinem fr\u00fcheren Leben Dein jetziges Leben beeinflussen. Ein Reading kann heilsame Ver\u00e4nderungen auf bewusster und unterbewusster Ebene bewirken, wie z.B. das Loslassen und die Transformation von \u00c4ngsten, Sorgen, negativen Mustern und Gedanken. Wir k\u00f6nnen auch Informationen und die Intention zu bestimmten Gedanken erhalten - warum Dir das Universum bestimmte Erfahrungen im Leben schenkt und welche Lektionen es zu lernen gibt.<\/p>\n\n\n\n<p>Folgende Bereiche k\u00f6nnen adressiert werden:<\/p>\n\n\n\n<ul class=\"wp-block-list\">\n<li>Spirituelle Entwicklung und Wachstum<\/li>\n\n\n\n<li>Sinn des Lebens, Lebensplan, Seelen-Aufgaben<\/li>\n\n\n\n<li>Verh\u00e4ltnis und die Beziehungsdynamik mit Familie und Freunden<\/li>\n\n\n\n<li>Wiederkehrende Muster und Verhaltensweisen<\/li>\n\n\n\n<li>Informationen und Auswirkungen aus fr\u00fcheren Leben<\/li>\n\n\n\n<li>Gesundheit<\/li>\n\n\n\n<li>Wohlstand &amp; Erfolg<\/li>\n\n\n\n<li>W\u00fcnsche und Hindernisse<\/li>\n<\/ul>\n\n\n\n<p>Du kannst mit einem konkreten Thema und einer Fragestellung aus den Lebensbereichen zu mir kommen oder aber auch einem Gef\u00fchl, einem Gedanken oder auch aus reiner Neugier, um zu erfragen, was sich nun in diesem Moment f\u00fcr Dich zeigen darf. Das Akasha Chronik Reading erfolgt auf Grundlage von Coaching Ans\u00e4tzen, es entsteht eine Art \u201eKonversation\u201c mit Deiner Chronik, durch Deine R\u00fcckmeldungen und unseren Austausch, ergibt sich somit ein individuelles energetisches Reading mit Coaching-Impulsen und m\u00f6glichen n\u00e4chsten Handlungs-Schritten f\u00fcr Dich.\u00a0&nbsp;<\/p>\n\n\n\n<h2 class=\"wp-block-heading\" id=\"karma\">Seelenanteile zur\u00fcckholen und Karma Heilung<\/h2>\n\n\n\n<p>Erlebst Du sehr oft \u00e4hnliche Situationen, hast in Deinen Beziehungen ein bestimmtes Muster, das sich oft wiederholt oder bestimmte Gedanken und Gef\u00fchle, dann kann die Ursache dessen karmisch sein. Karmisch bedeutet nicht immer, in einem fr\u00fcheren Leben. Karma bedeutet grunds\u00e4tzlich das Prinzip von Ursache und Wirkung, etwas ist in der Vergangenheit geschehen und entstanden und hat eine Auswirkung auf diesen Moment. Im Prinzip sind alle Leiden karmischer Natur, mit Hilfe der Akasha Chronik k\u00f6nnen wir Informationen zur Ursache des Leidens erlangen und dann entsprechende Methoden nutzen:<\/p>\n\n\n\n<ul class=\"wp-block-list\">\n<li>Karma Heilung (fr\u00fcheres Leben) \/ Regenbogenreise<\/li>\n\n\n\n<li>Innere Kind Heilung<\/li>\n\n\n\n<li>Ahnenaufstellung<\/li>\n<\/ul>\n\n\n\n<p>Ziel der Heilungen ist es, Seelenanteile von Dir, die Du durch bestimmte Erfahrungen in der Vergangenheit verloren hast, sichtbar zu machen und zu heilen und sie zu Dir zur\u00fcck zu holen und in Dein Leben zu integrieren, damit Du Dich wieder vollst\u00e4ndig f\u00fchlst und in Deine volle Kraft kommen kannst.&nbsp;<\/p>\n\n\n\n<p>Bei einigen Behandlungen handelt es sich zum Teil um gef\u00fchrte Reisen, das hei\u00dft ich f\u00fchre Dich in eine Art Trance Zustand und Du wirst vor Deinem inneren Auge konkrete Situationen und Bilder aus Deiner Vergangenheit oder zur Ursache des Themas sehen k\u00f6nnen.\nGemeinsam werden wir auf diesen Reisen, die in der Vergangenheit verlorenen Seelenanteile heilen, zur\u00fcckholen und in Dein jetziges Leben integrieren.<\/p>\n\n\n\n<h2 class=\"wp-block-heading\">Regenbogenreise<\/h2>\n\n\n\n<p>Mit Hilfe der Regenbogenreise hast Du die M\u00f6glichkeit, in ein fr\u00fcheres Leben reisen. Dabei kannst Du Dir eine Intention setzen, wie zum Beispiel, dass Du ein Leben sehen m\u00f6chtest, in dem Du eine erf\u00fcllte Partnerschaft gelebt hast oder Deine Beruft. Durch das Aufdecken Deines \u201eSeelen-Schatzes\u201c kann dieser Seelenanteil in Deinem jetzigen Leben wieder aktiviert werden.<\/p>\n\n\n\n<h2 class=\"wp-block-heading\">Innere Kind Heilung<\/h2>\n\n\n\n<p>Eine Innere Kind Heilung kann es Dir erm\u00f6glichen, in eine vergangene Situation zur\u00fcckzureisen, an die Du Dich m\u00f6glicherweise gar nicht mehr erinnern kannst. In dieser Situation kann durch die Erfahrung, die Du gemacht hast, ein Seelenanteil zur\u00fcckgeblieben sein und aus dieser Situation heraus ist ein blockierender Glaubenssatz entstanden. Durch das Sichtbarmachen dieser Situation und die damit einhergehenden Gef\u00fchle und Glaubenss\u00e4tze, gelangen die f\u00fcr die Heilung und Transformation notwendigen Informationen bereits in Dein Bewusstsein, zudem werden wir diese Situation und die abgespeicherten Gef\u00fchle energetisch umschreiben und transformieren. Der zur\u00fcckgelassene Seelenanteil wird somit aufgefunden, geheilt und wieder integriert, damit Du wieder vollst\u00e4ndig wirst und Deine Seele ihre St\u00e4rke wiedergewinnt, sich in Deinem K\u00f6rper zu Hause f\u00fchlen kann.\u00a0&nbsp;<\/p>\n\n\n\n<h2 class=\"wp-block-heading\">Ahnen Heilung<\/h2>\n\n\n\n<p>Eine Ahnen-Aufstellung eignet sich, wenn es innerhalb Deiner Familie ein immer wiederkehrendes Muster innerhalb von Beziehungen, Lebensumst\u00e4nden, Krankheiten oder Gef\u00fchlen gibt. Bestimme Emotionen und Informationsmuster k\u00f6nnen in Deinen Genen gespeichert sein und Dich somit beeinflussen. Die Ahnenaufstellung kann es erm\u00f6glichen, den Ursprung des Schmerzes innerhalb der Familie und Ahnen ausfindig zu machen und in die Heilung zu gehen.<\/p>\n\n\n\n<p>Bei der Ahnen-Aufstellung handelt es sich um eine Aufstellungs-Arbeit, bei der wir mit dem energetischen Feld der Ahnen-Linie arbeiten und Situationen und Gef\u00fchle sichtbar machen k\u00f6nnen. Deine Ahnen sind im Hier und Jetzt mit Dir verbunden und k\u00f6nnen Dir hilfreiche Hinweise geben, helfen Verstrickungen aufzul\u00f6sen sowie Frieden, Licht und Wandlung in blockierende Familienmuster bringen.&nbsp;<\/p>\n\n\n\n<h2 class=\"wp-block-heading\">Scho\u00dfraum \/ Geburtstrauma Heilung&nbsp;<\/h2>\n\n\n\n<p>In dieser Heilung werden wir die verlorenen Anteile Deiner Weiblichkeit umarmen und heilen. Dein Scho\u00dfraum ist Dein kraftvoller weiblicher Raum, das Zentrum Deiner Weiblichkeit, Kreativit\u00e4t, Sch\u00f6pfungskraft und Lebensenergie. Der Raum, der das Potenzial bietet, einem Lebewesen Raum zum Wachsen zu bieten.\u00a0&nbsp;<\/p>\n\n\n\n<p>Wenn Du Fehlgeburten, generell schwere Geburten oder Erfahrungen \/ Traumata im Bereich von intimen Beziehungen bearbeiten m\u00f6chtest oder aber einfach nur die St\u00e4rkung Deiner weiblichen Verbundenheit vertiefen m\u00f6chtest, ist die Scho\u00dfraum Heilung das richtige f\u00fcr Dich. Sie kann Heilung und die Verbindung zu Dir unterst\u00fctzen.<\/p>\n\n\n\n<p>W\u00e4hrend einer Geburts-Trauma-Ausleitung k\u00f6nnen wir Deine eigene Geburt oder die Geburt Deines eigenen Kindes transformieren und umschreiben und somit die Heilung unterst\u00fctzen.<\/p>\n\n\n\n<h2 class=\"wp-block-heading\">Mental Coaching und Gef\u00fchlsarbeit<\/h2>\n\n\n\n<p>In dieser Heilung arbeiten wir auf tiefer, unterbewusster Ebene mit Gef\u00fchlen und Glaubenss\u00e4tzen. \nJeder von uns erlebt Emotionen und Gef\u00fchle individuell. Durch unsere Erfahrungen, der sozialen Umgebung, aber auch durch unsere genetische Veranlagung, erleben wir manche Emotionen h\u00e4ufiger und in st\u00e4rkerer Intensit\u00e4t als andere.\nIn Verbindung mit der Theta Methode begeben wir uns auf eine andere energetische Ebene, eine h\u00f6her schwingende Frequenz, die Frequenz der Sch\u00f6pferebene, des Universums, die Frequenz von allem, was ist. \nAuf dieser Ebene haben wir die M\u00f6glichkeit, die nicht mehr dienlichen Programme, Glaubenss\u00e4tze und Gef\u00fchle energetisch aus Deinem System zu entfernen und durch neue positive zu ersetzen. \nBildlich vergleichen kannst Du das mit der Festplatte auf einem Computer. Wenn das Programm \u201eSelbstliebe\u201c auf Deiner Festplatte nicht gespeichert ist, kannst Du es auch nicht finden und somit nicht abspielen und f\u00fchlen. Durch den Zugriff auf das Internet k\u00f6nnen wir das Programm auf die Festplatte Deines Computers herunterladen, damit Du im Alltag immer wieder darauf zur\u00fcckgreifen und es integrieren kannst.\nTheta Healing kann somit helfen, tiefe unterbewusste Glaubenss\u00e4tze ausfindig zu machen, loszulassen und zu transformieren.<\/p>\n\n\n\n<h2 class=\"wp-block-heading\" id=\"reiki\">Reiki<\/h2>\n\n\n\n<p>Reiki ist die universelle Lebensenergie, die jedem von uns zur Verf\u00fcgung steht. Du bist am Leben, da Lebensenergie durch Dich durchflie\u00dft, durch Deinen physischen K\u00f6rper, deine Energiezentren und Energiebahnen sowie all Deine Organe und K\u00f6rperzellen. Auch Dein Aura Feld wird von Lebensenergie umgeben. Durch Blockaden im Energiefluss k\u00f6nnen funktionale Sch\u00e4den auf allen Ebenen entstehen: physisch, emotional und mental.&nbsp;<\/p>\n\n\n\n<p>Reiki kann helfen, die aus dem Gleichgewicht geratene Energie wieder in Balance bringen - physisch, emotional und mental. Reiki flie\u00dft w\u00e4hrend einer Session durch Deinen K\u00f6rper zu den betroffenen Stellen in Deinem System und l\u00e4dt diese mit positiver Energie auf. Es erh\u00f6ht die Vibration Deines energetischen Feldes in und um Deinen physischen K\u00f6rper herum, in dem auch negative Gedanken und Gef\u00fchle festh\u00e4ngen k\u00f6nnen. Reiki reinigt, st\u00e4rkt und heilt die Energiebahnen (Nadis, Meridiane), damit die Lebensenergie in gesunder und nat\u00fcrlicher Weise durch Dein System flie\u00dfen kann. Reiki kann Dir helfen, mehr Wohlbefinden, Vitalit\u00e4t und Energie auf k\u00f6rperlicher, emotionaler, mentaler und energetischer Ebene zu empfinden, Dein Immunsystem sowie Deine Innere Mitte st\u00e4rken. \u200b\u00a0&nbsp;<\/p>\n\n\n\n<h2 class=\"wp-block-heading\">Access Bars<\/h2>\n\n\n\n<p>Access Bars ist eine Form der Energiearbeit, des Hand-Auflegens, bei der durch die sanfte Stimulation von Punkten am Kopf, Lebensbereiche stimuliert werden.<\/p>\n\n\n\n<p>Durch die Ber\u00fchrung werden Reize an das Gehirn gesendet und bestimmte Emotionen, Gedanken und Ansichten in Deinem Leben getriggert.<\/p>\n\n\n\n<p>All diese Themen, Blockaden, Ansichten, die Dich begrenzen, die Dich zur\u00fcckhalten, das Leben in Leichtigkeit, Freude und F\u00fclle zu erschaffen, zu leben und zu genie\u00dfen, k\u00f6nnen hier sanft an die Oberfl\u00e4che geholt, ver\u00e4ndert und losgelassen werden. Somit kann Platz f\u00fcr neue M\u00f6glichkeiten geschaffen werden, f\u00fcr mehr Wunder und das Leben, was Du leben willst. <\/p>\n\n\n\n<p>Das allersch\u00f6nste: Du musst nichts daf\u00fcr tun. Du darfst loslassen und entspannen. Du musst nicht wissen, welche Themen hochkommen, was die Ursache Deiner Blockaden ist, Du l\u00e4sst es einfach geschehen. Durch den tiefen Entspannungszustand ist Dein System in der Lage, den Ballast ganz einfach loszulassen.<\/p>\n\n\n\n<p><strong>Access Bars kann Dir helfen:<\/strong><\/p>\n\n\n\n<ul class=\"wp-block-list\">\n<li>limitierende Glaubenss\u00e4tze loszulassen<\/li>\n\n\n\n<li>Dich von belastenden Emotionen zu befreien<\/li>\n\n\n\n<li>mehr Leichtigkeit in Dein Leben zu bringen<\/li>\n\n\n\n<li>Stress, M\u00fcdigkeit, Sorgen hinter Dir zu lassen<\/li>\n\n\n\n<li>Deine Tr\u00e4ume wirklich zu leben<\/li>\n<\/ul>\n\n\n\n<p>Access Bars ist eine Form der Heilung, die nur in Pr\u00e4senz m\u00f6glich ist. Wenn Du in M\u00fcnchen wohnst, schreib mir gerne.<\/p>\n\n\n\n<h2 class=\"wp-block-heading\">Preise<\/h2>\n\n\n\n<ul class=\"wp-block-list\">\n<li><strong> \u20ac165\/90 Minuten<\/strong><\/li>\n<\/ul>\n\n\n\n<p>Energie-Heilungen k\u00f6nnen in Einzel-Sessions gebucht werden, als auch in Pakten. Weitere Informationen zu den Paketen findest Du <a href=\"https:\/\/lena-christin.com\/de\/packages\/\" title=\"Individuelle Pakete &amp; Bundles\">hier<\/a>.<\/p>\n\n\n\n<div class=\"wp-block-group has-accent-3-background-color has-background is-layout-flow wp-block-group-is-layout-flow\" style=\"border-radius:30px;padding-top:30px;padding-right:30px;padding-bottom:30px;padding-left:30px\">\n<h2 class=\"wp-block-heading\" id=\"getintouch\" style=\"padding-top:0;padding-bottom:0\">Hast Du Fragen?<\/h2>\n\n\n\n<p>Gerne k\u00f6nnen wir uns zu einem kostenlosen Kennlern-Gespr\u00e4ch treffen, in dem ich Dir Deine Fragen beantworte und Dir helfe, das f\u00fcr Dich geeignete Angebot zu finden.<\/p>\n\n\n\n<div class=\"wp-block-buttons is-layout-flex wp-block-buttons-is-layout-flex\">\n<div class=\"wp-block-button has-custom-width wp-block-button__width-100 has-custom-font-size is-style-fill has-noto-sans-font-family has-medium-font-size\"><a class=\"wp-block-button__link has-base-2-color has-accent-2-background-color has-text-color has-background has-link-color wp-element-button\" href=\"https:\/\/lena-christin.tucalendi.com\/lena-christin\/kennlerncall\" style=\"border-radius:5px\" target=\"_blank\" rel=\"noreferrer noopener\">Ein kostenloses Erstgespr\u00e4ch buchen<\/a><\/div>\n<\/div>\n\n\n\n<p style=\"font-size:clamp(14px, 0.875rem + ((1vw - 3.2px) * 0.208), 16px);\">Oder kontaktiere mich per <a data-type=\"mailto\" data-id=\"mailto:mail@lena-christin.com\" href=\"mailto:mail@lena-christin.com\">Email<\/a> oder <a href=\"https:\/\/wa.me\/4915234571867\" target=\"_blank\" rel=\"noopener\" title=\"\">WhatsApp<\/a><\/p>\n<\/div>\n\n\n\n<p><\/p>","protected":false},"excerpt":{"rendered":"<p>Energy Healing is a powerful tool to enhance healing on a deeper level.&nbsp;Everything is energy. We are all made of energy and energy is everywhere around us. Our thoughts and feelings are energy, and when we think and feel we emit energetic vibrations. Before illnesses manifest on a physical level, they show up on an [&hellip;]<\/p>","protected":false},"author":1,"featured_media":201,"parent":0,"menu_order":0,"comment_status":"closed","ping_status":"closed","template":"","meta":{"footnotes":""},"class_list":["post-595","page","type-page","status-publish","has-post-thumbnail","hentry"],"aioseo_notices":[],"_hostinger_reach_plugin_has_subscription_block":false,"_hostinger_reach_plugin_is_elementor":false,"_links":{"self":[{"href":"https:\/\/lena-christin.com\/de\/wp-json\/wp\/v2\/pages\/595"}],"collection":[{"href":"https:\/\/lena-christin.com\/de\/wp-json\/wp\/v2\/pages"}],"about":[{"href":"https:\/\/lena-christin.com\/de\/wp-json\/wp\/v2\/types\/page"}],"author":[{"embeddable":true,"href":"https:\/\/lena-christin.com\/de\/wp-json\/wp\/v2\/users\/1"}],"replies":[{"embeddable":true,"href":"https:\/\/lena-christin.com\/de\/wp-json\/wp\/v2\/comments?post=595"}],"version-history":[{"count":23,"href":"https:\/\/lena-christin.com\/de\/wp-json\/wp\/v2\/pages\/595\/revisions"}],"predecessor-version":[{"id":1941,"href":"https:\/\/lena-christin.com\/de\/wp-json\/wp\/v2\/pages\/595\/revisions\/1941"}],"wp:featuredmedia":[{"embeddable":true,"href":"https:\/\/lena-christin.com\/de\/wp-json\/wp\/v2\/media\/201"}],"wp:attachment":[{"href":"https:\/\/lena-christin.com\/de\/wp-json\/wp\/v2\/media?parent=595"}],"curies":[{"name":"wp","href":"https:\/\/api.w.org\/{rel}","templated":true}]}}