{"id":593,"date":"2024-08-09T14:46:11","date_gmt":"2024-08-09T14:46:11","guid":{"rendered":"https:\/\/lena-christin.com\/?page_id=593"},"modified":"2026-01-06T14:38:55","modified_gmt":"2026-01-06T14:38:55","slug":"breathwork","status":"publish","type":"page","link":"https:\/\/lena-christin.com\/de\/breathwork\/","title":{"rendered":"Breathwork"},"content":{"rendered":"<figure class=\"wp-block-image size-full\"><img data-dominant-color=\"767454\" data-has-transparency=\"false\" style=\"--dominant-color: #767454;\" loading=\"lazy\" decoding=\"async\" width=\"2560\" height=\"2016\"  src=\"https:\/\/lena-christin.com\/wp-content\/uploads\/2024\/09\/IMG_6336-scaled-1-jpeg.avif\" alt=\"\" class=\"wp-image-1367 not-transparent\" srcset=\"https:\/\/lena-christin.com\/wp-content\/uploads\/2024\/09\/IMG_6336-scaled-1-jpeg.avif 2560w, https:\/\/lena-christin.com\/wp-content\/uploads\/2024\/09\/IMG_6336-scaled-1-300x236.avif 300w, https:\/\/lena-christin.com\/wp-content\/uploads\/2024\/09\/IMG_6336-scaled-1-1024x806.avif 1024w, https:\/\/lena-christin.com\/wp-content\/uploads\/2024\/09\/IMG_6336-scaled-1-768x605.avif 768w, https:\/\/lena-christin.com\/wp-content\/uploads\/2024\/09\/IMG_6336-scaled-1-1536x1210.avif 1536w, https:\/\/lena-christin.com\/wp-content\/uploads\/2024\/09\/IMG_6336-scaled-1-2048x1613.avif 2048w, https:\/\/lena-christin.com\/wp-content\/uploads\/2024\/09\/IMG_6336-scaled-1-15x12.avif 15w\" sizes=\"auto, (max-width: 980px) 100vw, 980px\" \/><\/figure>\n\n\n\n<p>Breathwork ist ein einfacher Ansatz, der Dir helfen kann ins F\u00fchlen zu kommen und Dich mit Deinem K\u00f6rper zu verbinden. Mit verschiedenen Atem-Techniken, Sounds, kleinen Bewegungen und Visualisierung, kannst Du wieder bei Dir ankommen, Dich mit Deinem Sein verbinden und Dich dem Energie-Fluss in Deinem K\u00f6rper hingeben.\u00a0&nbsp;<\/p>\n\n\n\n<p>Mit Hilfe von Breathwork werden wir an Deinem Nervensystem arbeiten. Dein Nervensystem hat einen entscheidenden Einfluss darauf, wie Du durchs Leben gehst, wie Du Dich f\u00fchlst und wie Du in bestimmten Situationen im Leben reagierst. All Deine vergangenen Erfahrungen sind in Deinem K\u00f6rper, insbesondere im Nervensystem, gespeichert und werden in \u00e4hnlichen Situationen getriggert. Das bedeutet, wenn Dir \u00e4hnliche Situationen oder auch Menschen begegnen, sendet Dein inneres Alarmsystem die entsprechenden Informationen und damit verbundenen Erinnerungen an Dein Nervensystem und l\u00f6st die mit dieser Erinnerung gespeicherten verbundenen Gef\u00fchl aus. Dadurch erfolgt eine unbewusste automatische Reaktion Deinerseits.<\/p>\n\n\n\n<p>Die verschiedenen \u00dcbungen, die ich mit Dir mache, k\u00f6nnen Dein Nervensystem beruhigen oder aber bewusst herausfordern, um es in seinen urspr\u00fcnglichen Zustand zur\u00fcckzusetzen.<\/p>\n\n\n\n<p>Um zu heilen, d\u00fcrfen wir durch den Schmerz durchgehen, wir d\u00fcrfen unsere Gef\u00fchle wahrnehmen, akzeptieren, wirklich f\u00fchlen und hinh\u00f6ren, welche Botschaft sie f\u00fcr uns haben und sie dann wieder loslassen. Breathwork ist wundervolle und einfache Methode, um mit Deinem K\u00f6rper zu arbeiten, Deinen K\u00f6rper zu nutzen, um ins F\u00fchlen und Sp\u00fcren zu kommen, die Wahrnehmung von Emotionen und Gef\u00fchlen in Deinem K\u00f6rper geschehen lassen und sie durch ihn hindurch flie\u00dfen lassen.<\/p>\n\n\n\n<p>Durch die Arbeit an und mit Deinem Nervensystem k\u00f6nnen Blockaden, die durch Traumata in der Vergangenheit entstanden sind, adressiert, aufgel\u00f6st und transformiert werden, damit die Energie in Deinem System wieder neu ausgerichtet werden kann, flie\u00dfen kann und Dir zur Verf\u00fcgung steht. Du kannst somit mehr Energie sp\u00fcren, Kraft, Liebe, inneren Frieden, Ruhe und Ausgeglichenheit und vieles mehr, das Du Dir w\u00fcnscht.<\/p>\n\n\n\n<h2 class=\"wp-block-heading\">Wobei Dir Breathwork helfen kann<\/h2>\n\n\n\n<ul class=\"wp-block-list\">\n<li>Du f\u00fchlst keine Verbindung zu Deinem K\u00f6rper, wei\u00dft nicht, wie es ist, Deinen K\u00f6rper zu sp\u00fcren und auf ihn und seine Bed\u00fcrfnisse zu h\u00f6ren<\/li>\n\n\n\n<li>Du bist unzufrieden mit Deinem K\u00f6rper, hast m\u00f6glicherweise auch ein Thema mit dem Essen und Gewicht<\/li>\n\n\n\n<li>Du f\u00fchlst Dich entweder schlapp, tr\u00e4ge und energielos oder aber bist st\u00e4ndig nerv\u00f6s und gestresst<\/li>\n\n\n\n<li>Du f\u00fchlst Dich \u00fcberfordert, verwirrt, es fehlt Dir an Klarheit<\/li>\n\n\n\n<li>Du bist viel im Kopf unterwegs, zerdenkst viel, hast Schwierigkeiten Entscheidungen zu treffen&nbsp;<\/li>\n\n\n\n<li>Du hast negative Gedanken, unangenehme Gef\u00fchle oder auch \u00c4ngste<\/li>\n\n\n\n<li>Du f\u00fchlst Dich emotional und k\u00f6rperlich blockiert<\/li>\n<\/ul>\n\n\n\n<h2 class=\"wp-block-heading\">Preise<\/h2>\n\n\n\n<p>Einzelsitzungen: <strong>\u20ac120\/60 Minuten<\/strong><\/p>\n\n\n\n<p>Eine Breathwork Session muss nicht immer 60-90 Minuten sein, wir k\u00f6nnen auch individuell in eine unserer \u201eregul\u00e4ren\u201c Coaching Sessions eine 10-15 min\u00fctige \u00dcbung einbinden, Deine Bed\u00fcrfnisse, Deine individuelle Reise, Energien und Emotionen stehen an erster Stelle und bestimmen den Ablauf jeder unserer Sitzungen.<\/p>\n\n\n\n<p>Die Buchung einer Breathwork-Session ist als Einzel-Stunde oder im Paket-Preis m\u00f6glich. Weitere Informationen zu den Paketen findest Du\u00a0 <a href=\"https:\/\/lena-christin.com\/de\/overview-prices\/\" title=\"Work with me: \u00dcbersicht aller Preise und Angebote\">hier<\/a>.<\/p>\n\n\n\n<div style=\"height:20px\" aria-hidden=\"true\" class=\"wp-block-spacer\"><\/div>\n\n\n\n<div class=\"wp-block-group has-accent-3-background-color has-background is-layout-flow wp-block-group-is-layout-flow\" style=\"border-radius:30px;padding-top:30px;padding-right:30px;padding-bottom:30px;padding-left:30px\">\n<h2 class=\"wp-block-heading\" id=\"getintouch\" style=\"padding-top:0;padding-bottom:0\">Hast Du Fragen?<\/h2>\n\n\n\n<p>Gerne k\u00f6nnen wir uns zu einem kostenlosen Kennlern-Gespr\u00e4ch treffen, in dem ich Dir Deine Fragen beantworte und Dir helfe, das f\u00fcr Dich geeignete Angebot zu finden.<\/p>\n\n\n\n<div class=\"wp-block-buttons is-layout-flex wp-block-buttons-is-layout-flex\">\n<div class=\"wp-block-button has-custom-width wp-block-button__width-100 has-custom-font-size is-style-fill has-noto-sans-font-family has-medium-font-size\"><a class=\"wp-block-button__link has-base-2-color has-accent-2-background-color has-text-color has-background has-link-color wp-element-button\" href=\"https:\/\/lena-christin.tucalendi.com\/lena-christin\/kennlerncall\" style=\"border-radius:5px\" target=\"_blank\" rel=\"noreferrer noopener\">Ein kostenloses Erstgespr\u00e4ch buchen<\/a><\/div>\n<\/div>\n\n\n\n<p style=\"font-size:clamp(14px, 0.875rem + ((1vw - 3.2px) * 0.208), 16px);\">Oder kontaktiere mich per <a data-type=\"mailto\" data-id=\"mailto:mail@lena-christin.com\" href=\"mailto:mail@lena-christin.com\">Email<\/a> oder <a href=\"https:\/\/wa.me\/4915234571867\" target=\"_blank\" rel=\"noopener\" title=\"\">WhatsApp<\/a><\/p>\n<\/div>","protected":false},"excerpt":{"rendered":"<p>Breathwork is a simple approach that helps you to feel and to connect to your body. By using different breathing techniques, sounds and visualization you are able to unlock blocked energy and open yourself up to your full potential. You will be able to reconnect to yourself and surrender to the flow of energy and [&hellip;]<\/p>","protected":false},"author":1,"featured_media":29,"parent":0,"menu_order":0,"comment_status":"closed","ping_status":"closed","template":"","meta":{"footnotes":""},"class_list":["post-593","page","type-page","status-publish","has-post-thumbnail","hentry"],"aioseo_notices":[],"_hostinger_reach_plugin_has_subscription_block":false,"_hostinger_reach_plugin_is_elementor":false,"_links":{"self":[{"href":"https:\/\/lena-christin.com\/de\/wp-json\/wp\/v2\/pages\/593"}],"collection":[{"href":"https:\/\/lena-christin.com\/de\/wp-json\/wp\/v2\/pages"}],"about":[{"href":"https:\/\/lena-christin.com\/de\/wp-json\/wp\/v2\/types\/page"}],"author":[{"embeddable":true,"href":"https:\/\/lena-christin.com\/de\/wp-json\/wp\/v2\/users\/1"}],"replies":[{"embeddable":true,"href":"https:\/\/lena-christin.com\/de\/wp-json\/wp\/v2\/comments?post=593"}],"version-history":[{"count":14,"href":"https:\/\/lena-christin.com\/de\/wp-json\/wp\/v2\/pages\/593\/revisions"}],"predecessor-version":[{"id":1994,"href":"https:\/\/lena-christin.com\/de\/wp-json\/wp\/v2\/pages\/593\/revisions\/1994"}],"wp:featuredmedia":[{"embeddable":true,"href":"https:\/\/lena-christin.com\/de\/wp-json\/wp\/v2\/media\/29"}],"wp:attachment":[{"href":"https:\/\/lena-christin.com\/de\/wp-json\/wp\/v2\/media?parent=593"}],"curies":[{"name":"wp","href":"https:\/\/api.w.org\/{rel}","templated":true}]}}