{"id":582,"date":"2024-08-09T14:34:44","date_gmt":"2024-08-09T14:34:44","guid":{"rendered":"https:\/\/lena-christin.com\/?page_id=582"},"modified":"2025-09-08T20:21:04","modified_gmt":"2025-09-08T20:21:04","slug":"about","status":"publish","type":"page","link":"https:\/\/lena-christin.com\/de\/about\/","title":{"rendered":"\u00dcber mich"},"content":{"rendered":"<figure class=\"wp-block-image size-large\"><img data-dominant-color=\"999e96\" data-has-transparency=\"false\" style=\"--dominant-color: #999e96;\" loading=\"lazy\" decoding=\"async\" width=\"1024\" height=\"746\"  src=\"https:\/\/lena-christin.com\/wp-content\/uploads\/2025\/09\/WhatsApp-Image-2025-09-08-at-21.00.06-1024x746.avif\" alt=\"\" class=\"wp-image-2010 not-transparent\" srcset=\"https:\/\/lena-christin.com\/wp-content\/uploads\/2025\/09\/WhatsApp-Image-2025-09-08-at-21.00.06-1024x746.avif 1024w, https:\/\/lena-christin.com\/wp-content\/uploads\/2025\/09\/WhatsApp-Image-2025-09-08-at-21.00.06-300x218.avif 300w, https:\/\/lena-christin.com\/wp-content\/uploads\/2025\/09\/WhatsApp-Image-2025-09-08-at-21.00.06-768x559.avif 768w, https:\/\/lena-christin.com\/wp-content\/uploads\/2025\/09\/WhatsApp-Image-2025-09-08-at-21.00.06-1536x1118.avif 1536w, https:\/\/lena-christin.com\/wp-content\/uploads\/2025\/09\/WhatsApp-Image-2025-09-08-at-21.00.06-16x12.avif 16w, https:\/\/lena-christin.com\/wp-content\/uploads\/2025\/09\/WhatsApp-Image-2025-09-08-at-21.00.06-jpeg.avif 1600w\" sizes=\"auto, (max-width: 980px) 100vw, 980px\" \/><\/figure>\n\n\n\n<p>Ich bin Lena, 36 Jahre alt und in Norddeutschland geboren und aufgewachsen. Lange Zeit f\u00fchlte ich mich in meinem Job sehr unerf\u00fcllt und war st\u00e4ndig auf der Suche nach Liebe, Gl\u00fcck und Erf\u00fcllung im Au\u00dfen. Ich habe mehrmals den Job gewechselt und nach dem Ende einer Beziehung war ich schon in der n\u00e4chsten Runde. Ich konnte nicht allein sein und f\u00fcr mich gab es in jedem Bereich meines Lebens nur Schwarz oder Wei\u00df - kein Gleichgewicht. \u00dcber die Jahre verlor ich mich selbst immer mehr.&nbsp;<\/p>\n\n\n\n<p>Tief in meinem Inneren habe ich mich jahrelang leer, einsam und abgespalten gef\u00fchlt. Ich hatte keine Verbindung zu mir, meinem K\u00f6rper oder anderen. Aber nichts konnte die Leere f\u00fcllen, weder Essen noch Alkohol noch materielle Dinge oder Beziehungen.\nDazu beigetragen hat auch, dass ich sehr fr\u00fch \u2013 mit Anfang 20 - meinen \u00e4lteren Bruder und meine Mama verloren habe, wir uns in der Familie anders organisieren mussten und ich auch hier f\u00fcr mich keinen Platz mehr finden konnte, keine Zugeh\u00f6rigkeit.<\/p>\n\n\n\n<p>Anfang des Jahres 2021 hatte ich nach einer Routine-OP aufgrund eines Leistenbruchs mein spirituelles Erwachen. Nach der OP war ich lange krankgeschrieben und hatte den Tief-Punkt meiner Depression und Essst\u00f6rung erreicht. Ich begann mich zu fragen, warum ich wirklich hier bin und wer ich bin.<\/p>\n\n\n\n<p>Ich fing mit Yoga und Meditation an, sowie mit einem Coach zu arbeiten. Sehr schnell war ich gewillt, all meine destruktiven Handlungsmuster hinter zu mir zu lassen, mein tiefer Wunsch nach Heilung war so gro\u00df, dass ich mit gro\u00dfen Spr\u00fcngen nach einem Yoga Retreat direkt eine Yoga-Ausbildung begann und dann im Fr\u00fchjahr 2023 ein Sabbatical genommen habe, um mich selbst zu finden.<\/p>\n\n\n\n<p>Ich war an verschiedensten spirituellen Orten dieser Welt: Indien, Thailand, Bali, Peru und Guatemala, auf der Suche nach mir selbst, meinem Lebenssinn und einem Ort, an dem ich mich endlich angekommen und zu Hause f\u00fchle.<\/p>\n\n\n\n<p>Auf dieser Reise zu mir selbst habe ich viele verschiedene Methoden der Heilung ausprobiert und kennengelernt, die mir geholfen haben zu verstehen worauf es ankommt im Leben, was mir wichtig ist und wie ich immer wieder in meine innere Mitte kommen kann. St\u00fcck f\u00fcr St\u00fcck habe ich somit meine Puzzle-Teile auf meinem Weg gefunden und konnte diese nach und nach in mein Selbst integrieren und wieder ganz bei mir ankommen.&nbsp;<\/p>\n\n\n\n<p>Nun ist es meine Vision, Dich auf Deiner Reise zu Dir selbst zu begleiten. Du wirst Dich auf dieser Reise zu kennenlernen, Du wirst erfahren, was es bedeutet Du selbst zu Dein, Dich anzunehmen und zu lieben, mit all Deinen Anteilen. Du wirst Dich wieder mit Dir selbst verbinden, Dich selbst und Deine Einzigartigkeit sehen und inneren Frieden sp\u00fcren. Wir werden gemeinsam in Deine innere Welt eintauchen und Du wirst lernen, Deinen eigenen authentischen Weg zu gehen. In Deinem eigenen Tempo.<\/p>\n\n\n\n<h2 class=\"wp-block-heading\">Warum wir beide ein Match sind<\/h2>\n\n\n\n<p>Ich begleite Dich, wenn Du Dich nach innerer und \u00e4u\u00dferer Freiheit, Klarheit und Lebendigkeit sehnst.<br>Wenn Du Dich wohl in Deinem K\u00f6rper f\u00fchlen willst, verbunden - mit Dir, mit Deiner inneren Stimme und Deinen Bed\u00fcrfnissen - aber auch mit anderen.<br>Du w\u00fcnschst Dir gesunde Beziehungen und sp\u00fcrst, dass da mehr in Dir schlummert, als das, was Du gerade lebst.<br>Mit intuitivem Coaching, Methoden der Energieheilung und K\u00f6rperarbeit begleite ich Dich auf Deiner Reise zu mehr Selbstliebe &amp; K\u00f6rperverbindung, Balance, Lebensfreude und Klarheit in Deinem Alltag.<br>Du kannst emotionale, mentale &amp; k\u00f6rperliche Blockaden gehen lassen und schaffst somit mehr Raum f\u00fcr Dich und Deine Energie, Deine Tr\u00e4ume &amp; W\u00fcnsche und das Leben, das Du leben willst.<br>Meine Arbeit basiert auf meinem 5\u202fL Liberation Ansatz: Deine Erinnerung. Deine Befreiung.<br>Dein Raum f\u00fcr Heilung &amp; Ver\u00e4nderung.<br>F\u00fcr Dich.<\/p>\n\n\n\n<p>Mit meinem <strong>5L Liberation Ansatz<\/strong> \u2013 Love, Light, Lifeforce, Listening &amp; Liveliness \u2013 \u00f6ffne ich Dir einen Raum, in dem Du wieder bei Dir selbst ankommen kannst zur Ruhe kommen kannst und Dich auf eine andere Art und Weise selbst neu kennenlernen, entdecken und Dein Leben neu gestalten kannst.<br>\u2728<strong>Love - Liebe<\/strong> - Selbstliebe und Annahme statt Kampf, Selbsthass und Kritik mit Dir und Deinem K\u00f6rper<br>\u2728<strong>Light - Licht<\/strong> \u2013 Klarheit und Orientierung f\u00fcr Deinen Weg und Deine Entscheidungen, Dein Licht erkennen, Deine Wahrheit aussprechen und Dir Deinen Weg leuchten lassen.<br>\u2728<strong>Lifeforce - Lebenskraft<\/strong> Aktivierung Deiner ureigenen Lebensenergie und Ausdruckskraft durch SoulFire (Kundalini Activation) f\u00fcr Kreativit\u00e4t, Motivation und Inspiration.<br>\u2728<strong>Listening - Zuh\u00f6ren (Intuition)<\/strong> \u2013 Zugang zu Deiner inneren K\u00f6rperweisheit und Intuition durch energetisches Testen &amp; intuitive Seelenbotschaften, sodass Du Entscheidungen aus Dir heraus treffen kannst, anstatt im Au\u00dfen nach Ratschl\u00e4gen und Antworten zu suchen.<br>\u2728<strong>Liveliness - Lebendigkeit<\/strong> \u2013 Leichtigkeit, Lebensfreude und Lebendigkeit in Verbindung mit innerer Ruhe und Zentriertheit, um das Leben zu gestalten und zu leben, wie Du es Dir w\u00fcnschst. Lachen, leben, f\u00fchlen, genie\u00dfen.\u00a0<\/p>\n\n\n\n<p>Die 5 L sind meine energetischen Kernbereiche, das Fundament meiner Arbeit. In jeder Session, in jedem Mentoring, in jeder Aktivierung wirken sie mit. Jede Session, jede Reise ist individuell \u2013 weil Du einzigartig bist, mit all Deinen Qualit\u00e4ten. Wir arbeiten mit dem, was sich zeigen will. Manchmal ist es Dein inneres Feuer, das geweckt werden m\u00f6chte, Deine Energie, damit Du Dich fit, gesund und in Deiner vollen Kraft f\u00fcr Deinen Alltag f\u00fchlst. Manchmal braucht Dein Herz Raum zum F\u00fchlen und Loslassen und es zeigen sich alte Emotionen und Glaubenss\u00e4tze, die gesehen und losgelassen werden wollen. Und manchmal darfst Du einfach nur empfangen, Dich in Deiner Energie getragen f\u00fchlen, loslassen und dabei gleichzeitig auch schauen, was sich in Deinem Inneren zeigt, an was Du Dich erinnern darfst.<br>Ein zentraler Bestandteil meiner Arbeit ist meine <a href=\"https:\/\/lena-christin.com\/de\/soulfire\/\" title=\"Kundalini Activation (KA)\">SoulFire &amp; Kundalini Activation<\/a>. Die Aktivierung Deiner Lebensenergie, hilft Dir, zur\u00fcck zu Deinem inneren Licht zu finden, Dich mit Deiner Einzigartigkeit zu verbinden und das Wunder zu erkennen, das Du bist.\u00a0<br>SoulFire ist Dein Portal in Dein erf\u00fclltes und selbstbestimmtes Leben und \u00f6ffnet Dir T\u00fcren f\u00fcr eine ganz neue Art der Lebenserfahrung, eine neue Art zu f\u00fchlen, eine neue Art zu leben.<\/p>\n\n\n\n<p>Du lernst, Deinem inneren Kompass zu vertrauen, Deiner eigenen K\u00f6rperweisheit und Intuition, Frieden mit Deinem K\u00f6rper und dem Essen zu schlie\u00dfen, Dich vollst\u00e4ndig zu lieben, anzunehmen und f\u00fcr Dich und deine Bed\u00fcrfnisse einzustehen. Mutig, klar und im Vertrauen traust Du Dich Deinen eigenen Weg zu gehen ohne Dich von Au\u00dfen beeinflusse zu lassen.<\/p>\n\n\n\n<p>Du folgst Deinem inneren Kompass, f\u00fchlst Dich somit klar, verbunden, leicht, frei und hast das Gef\u00fchl, endlich Du Selbst sein zu k\u00f6nnen \u2013 in Verbindung mit Deiner Seele, Deinem K\u00f6rper und Deinem Lebensfeuer.<\/p>\n\n\n\n<h2 class=\"wp-block-heading\">Was die Arbeit mit mir ausmacht<\/h2>\n\n\n\n<ul class=\"wp-block-list\">\n<li>Mit mir bekommst Du einen \"Thinking-Partner\", der wie ein Spiegel wirkt, um Dich liebevoll und dennoch sehr ehrlich reflektiert und der Dich in Deinem Ver\u00e4nderungsprozess begleitet und unterst\u00fctzt<\/li>\n\n\n\n<li>Ich erm\u00f6gliche Dir in unserer Zusammenarbeit einen wertfreien und sicheren Raum, in dem Du Du sein und Dich v\u00f6llig neu entdecken kannst&nbsp;<\/li>\n\n\n\n<li>Mit Unterst\u00fctzung der Energieheilung k\u00f6nnen wir tief in Deine innere Welt eintauchen und Heilungen f\u00fcr Dich in Gang setzen, damit Du Dein Gl\u00fcck im Inneren findest<\/li>\n\n\n\n<li>Du erh\u00e4ltst liebevolle Unterst\u00fctzung auf dem Weg zu Dir selbst und praktische Umsetzungsm\u00f6glichkeiten f\u00fcr Deinen Alltag, um Schritt f\u00fcr Schritt mehr zur\u00fcck zu Dir selbst zu finden&nbsp;<\/li>\n\n\n\n<li>Du selbst bestimmst den Rahmen unserer gemeinsamen Reise und wie tief Du gehen m\u00f6chtest, wir erforschen Deinen inneren Kompass, entdecken Deine St\u00e4rken, Werte, alles was in Dir ist, Dich ausmacht, Dir Kraft gibt und wo Du hin m\u00f6chtest&nbsp;<\/li>\n\n\n\n<li>Du allein bestimmst Dein Tempo<\/li>\n\n\n\n<li>In der Zusammenarbeit mit mir kannst Du Ruhe, Sicherheit und Vertrauen finden und lernen in tiefe Verbindungen zu gehen, mit Dir selbst und mit anderen<\/li>\n<\/ul>\n\n\n\n<h2 class=\"wp-block-heading\">Meine Qualifikationen<\/h2>\n\n\n\n<ul class=\"wp-block-list\">\n<li>Yoga Ausbildungen: Hatha Yoga (Yoga Institut M\u00fcnchen M\u00e4rz 2022 \u2013 Februar 2023 sowie Intensivkurs in Indien \u201eNavadurga School of Yoga\u201c), Vinyasa Yoga und Yin Yoga (Online M\u00e4rz 2023)<\/li>\n\n\n\n<li>Coaching Ausbildung: Body Mind Heart Coaching Ausbildung (Online, Oktober 2023 - Februar 2024)<\/li>\n\n\n\n<li>Breathwork: Quantum Breath Ausbildung von Juan Pablo Baharona (Online, M\u00e4rz - August 2024)<\/li>\n\n\n\n<li>Reiki: Level I + II (Bali 2023)<\/li>\n\n\n\n<li>Ausbildung zum Lightful Living Healer mit folgenden Schwerpunkten (Online, Oktober 2023 - Juli 2024): energetische Heilungen von Aura und Chakren, energetische Wirbels\u00e4ulenausrichtung, Akasha Chronik Lesungen, Arbeit mit dem Inneren Kind, Ahnen-Heilung, Karma Heilung, Scho\u00dfraum- und Geburtstrauma Heilung, Mental Coaching und Gef\u00fchlsarbeit<\/li>\n\n\n\n<li>Kundalini \/ HEKA Activation Facilitator (KA): \u00dcbertragung von Lebensenergie und Aktivierung Deiner eigenen Magie (September 2024\n<ul class=\"wp-block-list\">\n<li>SideNote: Ich habe mir einen eigenen Namen f\u00fcr die Kundalini-Aktivierung ausgedacht, denn f\u00fcr mich ist es mehr als nur eine Kundalini-Aktivierung, ihr findet ihn hier: <a href=\"https:\/\/lena-christin.com\/de\/soulfire\/\" title=\"SoulFire\">SoulFire<\/a><a href=\"https:\/\/lena-christin.com\/de\/soulfire\/\" title=\"\"> Activation<\/a><\/li>\n<\/ul>\n<\/li>\n<\/ul>\n\n\n\n<p><\/p>\n\n\n\n<p><\/p>\n\n\n\n<p><\/p>\n\n\n\n<p><\/p>\n\n\n\n<p><\/p>","protected":false},"excerpt":{"rendered":"<p>I&nbsp;am Lena, 35 years old and born and raised in Northern Germany. For a long time I felt very unfulfilled in my job and was constantly looking for love, happiness and fulfillment in the outside. I changed my jobs many times and after one relationship ended I was already in the next rone. I couldn&#8217;t [&hellip;]<\/p>","protected":false},"author":1,"featured_media":38,"parent":0,"menu_order":0,"comment_status":"closed","ping_status":"closed","template":"","meta":{"footnotes":""},"class_list":["post-582","page","type-page","status-publish","has-post-thumbnail","hentry"],"aioseo_notices":[],"_hostinger_reach_plugin_has_subscription_block":false,"_hostinger_reach_plugin_is_elementor":false,"_links":{"self":[{"href":"https:\/\/lena-christin.com\/de\/wp-json\/wp\/v2\/pages\/582"}],"collection":[{"href":"https:\/\/lena-christin.com\/de\/wp-json\/wp\/v2\/pages"}],"about":[{"href":"https:\/\/lena-christin.com\/de\/wp-json\/wp\/v2\/types\/page"}],"author":[{"embeddable":true,"href":"https:\/\/lena-christin.com\/de\/wp-json\/wp\/v2\/users\/1"}],"replies":[{"embeddable":true,"href":"https:\/\/lena-christin.com\/de\/wp-json\/wp\/v2\/comments?post=582"}],"version-history":[{"count":15,"href":"https:\/\/lena-christin.com\/de\/wp-json\/wp\/v2\/pages\/582\/revisions"}],"predecessor-version":[{"id":2023,"href":"https:\/\/lena-christin.com\/de\/wp-json\/wp\/v2\/pages\/582\/revisions\/2023"}],"wp:featuredmedia":[{"embeddable":true,"href":"https:\/\/lena-christin.com\/de\/wp-json\/wp\/v2\/media\/38"}],"wp:attachment":[{"href":"https:\/\/lena-christin.com\/de\/wp-json\/wp\/v2\/media?parent=582"}],"curies":[{"name":"wp","href":"https:\/\/api.w.org\/{rel}","templated":true}]}}