{"id":1949,"date":"2025-08-28T17:04:31","date_gmt":"2025-08-28T17:04:31","guid":{"rendered":"https:\/\/lena-christin.com\/?page_id=1949"},"modified":"2025-09-08T19:02:15","modified_gmt":"2025-09-08T19:02:15","slug":"reclaim-the-5-l-code","status":"publish","type":"page","link":"https:\/\/lena-christin.com\/de\/reclaim-the-5-l-code\/","title":{"rendered":"Mentoring: Reclaim Your 5 L Code"},"content":{"rendered":"<figure class=\"wp-block-image size-large\"><img data-dominant-color=\"999e96\" data-has-transparency=\"false\" style=\"--dominant-color: #999e96;\" loading=\"lazy\" decoding=\"async\" width=\"1024\" height=\"746\"  src=\"https:\/\/lena-christin.com\/wp-content\/uploads\/2025\/09\/WhatsApp-Image-2025-09-08-at-21.00.06-1024x746.avif\" alt=\"\" class=\"wp-image-2010 not-transparent\" srcset=\"https:\/\/lena-christin.com\/wp-content\/uploads\/2025\/09\/WhatsApp-Image-2025-09-08-at-21.00.06-1024x746.avif 1024w, https:\/\/lena-christin.com\/wp-content\/uploads\/2025\/09\/WhatsApp-Image-2025-09-08-at-21.00.06-300x218.avif 300w, https:\/\/lena-christin.com\/wp-content\/uploads\/2025\/09\/WhatsApp-Image-2025-09-08-at-21.00.06-768x559.avif 768w, https:\/\/lena-christin.com\/wp-content\/uploads\/2025\/09\/WhatsApp-Image-2025-09-08-at-21.00.06-1536x1118.avif 1536w, https:\/\/lena-christin.com\/wp-content\/uploads\/2025\/09\/WhatsApp-Image-2025-09-08-at-21.00.06-16x12.avif 16w, https:\/\/lena-christin.com\/wp-content\/uploads\/2025\/09\/WhatsApp-Image-2025-09-08-at-21.00.06-jpeg.avif 1600w\" sizes=\"auto, (max-width: 980px) 100vw, 980px\" \/><\/figure>\n\n\n\n<h2 class=\"wp-block-heading\">Es ist Zeit, Deine Schl\u00fcssel zu finden\ud83d\udd11...<\/h2>\n\n\n\n<h3 class=\"wp-block-heading\">.... Deine Schl\u00fcssel zu Selbstliebe, Lebensfreude und Lebendigkeit. In Dir. \u2728<\/h3>\n\n\n\n<p><strong>Wann hast Du Dich zuletzt lebendig gef\u00fchlt? Was bedeutet Leben f\u00fcr Dich?<\/strong><\/p>\n\n\n\n<p><strong>\u2728Stell Dir vor..<\/strong><\/p>\n\n\n\n<p>Du lachst, Du tanzt, Du weinst, Du f\u00fchlst, Du genie\u00dft Dein Leben in Freude, Leichtigkeit und l\u00e4sst Dich, Deine Lebendigkeit, Deine Energie und Deinen Ausdruck sprudeln.<br>Weil Du bei Dir bist.<br>Und weil Du lebst, anstatt nur zu funktionieren.<\/p>\n\n\n\n<p>\u2728<strong>Stell Dir vor...<\/strong><\/p>\n\n\n\n<p>Du lernst, Dich bedingungslos zu lieben und anzunehmen, gesunde Grenzen zu setzen, Dich und Deine Bed\u00fcrfnisse an erste Stelle zu setzen - JA zu Dir zu sagen und damit Dich und Dein Herz f\u00fcr DIE Liebe zu \u00f6ffnen.<\/p>\n\n\n\n<p>\u2728<strong>Stell Dir vor...<\/strong><\/p>\n\n\n\n<p>Du entdeckst und kennst Deine Wahrheit, Deine Einzigartigkeit, Dein inneres Strahlen und erh\u00e4ltst Klarheit dar\u00fcber, wer Du bist, wer Du sein m\u00f6chtest und wie Du leben willst, und l\u00e4sst Dich von Deinem Licht leiten.<br>H\u00f6r auf, Dich zu verstecken, anzupassen. Zeige Dich. Vollkommen. Mutig. Ohne <strong>WENN<\/strong> und <strong>ABER<\/strong>.<\/p>\n\n\n\n<p><strong>\u2728Stell Dir vor..<\/strong><\/p>\n\n\n\n<p>statt st\u00e4ndigen Gedankenkreisen und der Suche nach Antworten und Rat im Au\u00dfen, h\u00f6rst Du zu. Und zwar Dir, Deiner inneren Stimme und Intuition, Deiner K\u00f6rperweisheit und Deinen Signalen. Entscheidungen im Alltag f\u00e4llst Du mit Leichtigkeit, jeden Tag aufs Neue erkennst Du, was Du gerade brauchst, weil Du zuh\u00f6rst. Du wirst somit zu <strong>Deiner eigenen Expertin<\/strong> Der Expertin f\u00fcr Dein bestes Leben.&nbsp;<\/p>\n\n\n\n<h4 class=\"wp-block-heading\"><strong>Genau danach sehnst Du Dich?<\/strong><br><br><strong>Dann ist das der n\u00e4chste Schritt f\u00fcr Dich \u2604\ufe0f<\/strong><\/h4>\n\n\n\n<h3 class=\"wp-block-heading\">Was Dich in RECLAIM YOUR 5 L CODE erwartet<\/h3>\n\n\n\n<p>In meinen R\u00e4umen erwarten Dich 22 kraftvolle Wochen<br>Nur f\u00fcr Dich. F\u00fcr Deine W\u00fcnsche und Tr\u00e4ume. F\u00fcr Heilung. F\u00fcr Dein pures Sein.&nbsp;<br>In dieser Zeit gehen wir tief.<br>Begleiten werden Dich Deine 5 L.<br>Love. Light. Lifeforce. Listening. Liveliness.<\/p>\n\n\n\n<p>Diese Qualit\u00e4ten stecken bereits alle in Dir. Sie spiegeln einen Teil Deiner Essenz wider und unterst\u00fctzen Dich darin, das Leben zu erschaffen und zu leben, das Du Dir w\u00fcnschst.<br>In der Arbeit mit mir, aktivierst und befreist Du diese vollends:<\/p>\n\n\n\n<p>\u2728 <strong>LOVE<\/strong> \u2013 Selbstliebe &amp; echte Verbindung statt toxische Muster.<br>\u2728 <strong>LIGHT<\/strong> \u2013 Erkenne Dein Licht, lass Dich von ihm leiten &amp; lebe Deine Wahrheit.<br>\u2728 <strong>LIFEFORCE <\/strong>\u2013 Sp\u00fcre Dein Feuer anstatt M\u00fcdigkeit &amp; Antriebslosigkeit.<br>\u2728 <strong>LISTENING<\/strong> \u2013 H\u00f6re Deine innere Stimme, folge Deiner Intuition &amp; triff klare Entscheidungen.<br>\u2728 <strong>LIVELINESS<\/strong> F\u00fchle, lebe, lache, tanze \u2013 statt nur zu funktionieren.<\/p>\n\n\n\n<p>Jedes L ist wie ein Schl\u00fcssel zu einem neuen Aspekt Deiner Seele \u2013 und gemeinsam \u00f6ffnen sie die T\u00fcr zu Deinem SoulFire: der tiefen, lebendigen Verbindung zu Dir selbst.<\/p>\n\n\n\n<p>Dieses Mentoring ist f\u00fcr Dich, wenn Du sp\u00fcrst, dass da ist <strong>MEHR <\/strong>in Dir. Du willst mehr.<\/p>\n\n\n\n<p>Mehr Freude, mehr Lebendigkeit, mehr Leben. Wenn Du bereit bist, Dich selbst endlich wirklich kennenzulernen \u2013 jenseits von Rollen, Erwartungen und Selbstoptimierung. Wenn Du Dich wieder zu Hause f\u00fchlen willst. In Dir.<\/p>\n\n\n\n<h2 class=\"wp-block-heading\">Deine Reise zur\u00fcck zu Dir...<\/h2>\n\n\n\n<p>\u2728<strong> 22 lebensver\u00e4ndernde Wochen im 1:1 Mentoring<\/strong> - individuell angepasst an Dich, Deine Bed\u00fcrfnisse, Deinen Prozess, Deine W\u00fcnsche und an Deine 5 L.<br>\u2728 <strong>5 SoulFire Activations<\/strong> - loslassen, empfangen, nach Hause kommen, Magie und Wunder geschehen lassen.<br>\u2728<strong> 5 Intuitive energetische Coaching \/ Heilungs-Sessions<\/strong> <br>\u2728<strong> 1 x Align your inner Compass Special <\/strong>(120 Minuten inkl. Unterlagen und nat\u00fcrlich Support)<br>\u2728 <strong>Workbooks und Meditationen <\/strong>(zur St\u00e4rkung, Befreiung und Integration Deiner 5 L aber auch individuell je nach Bedarf)<br>\u2728 <strong>jede Woche eine gechannelte Nachricht als Sprachnachricht f\u00fcr Impulse oder wenn Du eine konkrete Frage hast und feststeckst<\/strong> (insgesamt 22 St\u00fcck)<br>\u2728 <strong>WhatsApp support: Soulful CheckIn <\/strong>(siehe unten)<br><br>Jede Session ist individuell auf Dich, Deine Energie und Deinen Prozess abgestimmt \u2013 kein Schema F, Dein Raum. Zum Erinnern. Zum Befreien. Zum Heilen. Zum Sein.<\/p>\n\n\n\n<p>Die Sessions finden im zweiw\u00f6chigen Rhythmus statt. Im Wechsel SoulFire Activation oder intuitives energetisches Coaching \/ Heilung. Je nachdem, was sich zeigt und was Du brauchst.&nbsp;<br>Egal ob Du Dich allen Deinen L\u00b4s widmen m\u00f6chtest, oder den Fokus nur auf Liebe und Selbstliebe oder K\u00f6rperverbindung, Lebendigkeit und Intuition lenken m\u00f6chtest\u2013 alles ist m\u00f6glich.<br><strong>Du entscheidest, was Du brauchst. Ich begleite Dich.<\/strong><br><br><strong>Bei THE 5 L Code handelt es sich nicht um ein reines Coaching-Programm oder Mentoring, sondern um eine tiefe energetische Reise zur\u00fcck zu Dir.<\/strong><\/p>\n\n\n\n<p>Buch Dir jetzt Deinen Call,<br>ich freue mich auf Dich!<br>Von Herzen,<br>Lena<\/p>\n\n\n\n<h4 class=\"wp-block-heading\">Buche Deinen kostenlosen Kennlern-Call <mark style=\"background-color:rgba(0, 0, 0, 0)\" class=\"has-inline-color has-accent-5-color\"><a data-type=\"link\" data-id=\"https:\/\/lena-christin.tucalendi.com\/lena-christin\/5l\" href=\"https:\/\/lena-christin.tucalendi.com\/lena-christin\/5l\">hier<\/a>.<\/mark><\/h4>\n\n\n\n<div class=\"wp-block-group has-accent-3-background-color has-background has-global-padding is-layout-constrained wp-container-core-group-is-layout-1 wp-block-group-is-layout-constrained\" style=\"border-radius:30px;padding-top:30px;padding-right:30px;padding-bottom:30px;padding-left:30px\">\n<h2 class=\"wp-block-heading\" id=\"compass\">WhatsApp Support: Soulful Check-In<\/h2>\n\n\n\n<p>Soulful Check-in \/ Alltags-Anker<\/p>\n\n\n\n<ul class=\"wp-block-list\">\n<li>F\u00fcr eine enge und direkte Betreuung und Begleitung im Alltag w\u00e4hrend unserer Zusammenarbeit mit liebevollen Remindern, reflektierenden Fragen und Impulsen.<\/li>\n\n\n\n<li>Zwischen unseren Sessions erh\u00e4ltst Du Nachrichten, Voice-Messages, Feedback und Impulse - Dein kleiner Alltags-Anker.<\/li>\n\n\n\n<li>T\u00e4gliche M\u00f6glichkeit f\u00fcr Check-Ins via WhatApp mit Antworten innerhalb von ein paar Stunden (Mo-Fr 10 - 20 Uhr).<\/li>\n<\/ul>\n<\/div>","protected":false},"excerpt":{"rendered":"<p>It&#8217;s time to find your keys\ud83d\udd11&#8230;&#8230; &#8230; your keys to self-love, joy, and vitality. Within yourself. \u2728 When was the last time you felt alive? What does life mean to you? \u2728Imagine&#8230; You laugh, you dance, you cry, you feel, you enjoy your life with joy and ease, and you let your vitality, your energy, [&hellip;]<\/p>","protected":false},"author":1,"featured_media":0,"parent":0,"menu_order":0,"comment_status":"closed","ping_status":"closed","template":"","meta":{"footnotes":""},"class_list":["post-1949","page","type-page","status-publish","hentry"],"aioseo_notices":[],"_hostinger_reach_plugin_has_subscription_block":false,"_hostinger_reach_plugin_is_elementor":false,"_links":{"self":[{"href":"https:\/\/lena-christin.com\/de\/wp-json\/wp\/v2\/pages\/1949"}],"collection":[{"href":"https:\/\/lena-christin.com\/de\/wp-json\/wp\/v2\/pages"}],"about":[{"href":"https:\/\/lena-christin.com\/de\/wp-json\/wp\/v2\/types\/page"}],"author":[{"embeddable":true,"href":"https:\/\/lena-christin.com\/de\/wp-json\/wp\/v2\/users\/1"}],"replies":[{"embeddable":true,"href":"https:\/\/lena-christin.com\/de\/wp-json\/wp\/v2\/comments?post=1949"}],"version-history":[{"count":14,"href":"https:\/\/lena-christin.com\/de\/wp-json\/wp\/v2\/pages\/1949\/revisions"}],"predecessor-version":[{"id":2012,"href":"https:\/\/lena-christin.com\/de\/wp-json\/wp\/v2\/pages\/1949\/revisions\/2012"}],"wp:attachment":[{"href":"https:\/\/lena-christin.com\/de\/wp-json\/wp\/v2\/media?parent=1949"}],"curies":[{"name":"wp","href":"https:\/\/api.w.org\/{rel}","templated":true}]}}