{"id":1869,"date":"2025-08-20T13:34:37","date_gmt":"2025-08-20T13:34:37","guid":{"rendered":"https:\/\/lena-christin.com\/?page_id=1869"},"modified":"2025-09-08T18:45:07","modified_gmt":"2025-09-08T18:45:07","slug":"overview-prices","status":"publish","type":"page","link":"https:\/\/lena-christin.com\/de\/overview-prices\/","title":{"rendered":"Work with me: \u00dcbersicht aller Preise und Angebote"},"content":{"rendered":"<p>Auf dieser Seite findest Du alle meine Angebote inklusive Preise. Pakete k\u00f6nnen individuell nach Deinen Bed\u00fcrfnissen zusammengestellt werden.<\/p>\n\n\n\n<p><a href=\"#energy\" title=\"Energy Reading \/ Healing\">1:1 Energy Reading \/ Healing<\/a><br><a href=\"#soulfire\" title=\"SoulFire &amp; Kundalini Activation\">1:1 SoulFire &amp; Kundalini Activation<\/a><br><a href=\"#soulfiregroup\" title=\"Group SoulFire &amp; Kundalini Activations in Munich\">Gruppen SoulFire &amp; Kundalini Activations in M\u00fcnchen<\/a><br><a href=\"#compass\" title=\"Special: Align with your inner compass\">Special: Align with your inner compass<\/a><br><a href=\"#bundle\" title=\"Energy Healing Bundles\">Energy Healing Bundles<\/a><br><a href=\"#mentoring\" title=\"\u00dcberschrift link\">Lang-Zeit Mentoring Begleitung: Reclaim Your 5 L Code<\/a><\/p>\n\n\n\n<p>In den Sessions und Bundles, die ich anbiete, arbeiten wir mit allen Ebenen Deines Seins: K\u00f6rper, Geist und Seele. Dies erm\u00f6glicht das Ansto\u00dfen tiefer Heilungsprozesse und kann Dir helfen, ein authentisches und erf\u00fclltes Leben zu leben, indem Du die innere Weisheit Deiner Seele in Dein allt\u00e4gliches Leben integrierst und Dir Dein Leben gestaltest.<\/p>\n\n\n\n<p>Du selbst bestimmst den Rahmen unserer Arbeit. Du entscheidest, an welchen Themen Du arbeiten m\u00f6chtest und welche energetischen oder k\u00f6rperlichen Elemente Du in unsere Zusammenarbeit integrieren m\u00f6chtest. Du selbst kommst in Deine Selbsterm\u00e4chtigung und \u00fcbernimmst die Verantwortung f\u00fcr Deinen Weg und Dein Wachstum.<\/p>\n\n\n\n<p>Du allein bestimmst das Tempo Deiner Reise. Ich unterst\u00fctze Dich auf der Reise zu Dir selbst, bin f\u00fcr Dich da und zeige Dir, wie Du Dich wieder mit Dir selbst verbinden und Dein inneres Licht wiederentdecken kannst.<\/p>\n\n\n\n<p>Bitte beachte, dass die von mir angebotenen Heilungen und Coachings kein Ersatz f\u00fcr eine medizinische Behandlung sind. Es handelt sich um eine Unterst\u00fctzung. Bei starken mentalen und gesundheitlichen Problemen wende Dich bitte zus\u00e4tzlich an qualifizierte Fachleute.<\/p>\n\n\n\n<div class=\"wp-block-group has-accent-3-background-color has-background has-global-padding is-layout-constrained wp-container-core-group-is-layout-3 wp-block-group-is-layout-constrained\" style=\"border-radius:30px;padding-top:30px;padding-right:30px;padding-bottom:30px;padding-left:30px\">\n<h2 class=\"wp-block-heading\" id=\"energy\">1 x 1:1 Energy Reading \/ Healing <\/h2>\n\n\n\n<h3 class=\"wp-block-heading\" id=\"BRH\">Basic Energy Reading <\/h3>\n\n\n\n<p><strong>Dauer:<\/strong> 60 Minuten (online)<\/p>\n\n\n\n<p>Auslesen Deiner Aura und Chakren oder Empfangen einer Seelenbotschaft f\u00fcr Dich, um Impulse zu Deiner aktuellen Situation oder Frage zu erhalten.<\/p>\n\n\n\n<div class=\"wp-block-group is-nowrap is-layout-flex wp-container-core-group-is-layout-2 wp-block-group-is-layout-flex\">\n<div class=\"wp-block-group has-accent-4-background-color has-background has-global-padding is-content-justification-center is-layout-constrained wp-container-core-group-is-layout-1 wp-block-group-is-layout-constrained\" style=\"border-radius:60px;padding-top:10px;padding-right:10px;padding-bottom:10px;padding-left:10px\">\n<p class=\"has-text-align-center\" style=\"font-size:clamp(14px, 0.875rem + ((1vw - 3.2px) * 0.208), 16px);line-height:1\">+ schriftliche Zusammenfassung<\/p>\n<\/div>\n<\/div>\n\n\n\n<h4 class=\"wp-block-heading\"><strong>Preis: 111 \u20ac<\/strong><\/h4>\n\n\n\n<hr class=\"wp-block-separator has-alpha-channel-opacity is-style-wide\"\/>\n\n\n\n<h3 class=\"wp-block-heading\" id=\"DEH\">Deep Energy Healing<\/h3>\n\n\n\n<p><strong>Dauer:<\/strong> 90 Minuten (online oder vor Ort bei Dir in M\u00fcnchen)<\/p>\n\n\n\n<p>Tiefgehende energetische Heilung f\u00fcr einen Lebensbereich oder ein Thema Deiner Wahl. Wir werden gemeinsam tief sitzende Blockaden und Muster, die auf unterbewusster Ebene gespeichert sind, sichtbar machen und in die Heilung geben.<\/p>\n\n\n\n<p>Nach der Session wirst Du mehr Klarheit zu Deinem Thema haben, Dich leichter f\u00fchlen und ein Gef\u00fchl der Befreiung und neuer Energie erleben. Deine Gedanken werden klarer und ruhiger sein, Deine Emotionen und Du wirst Dich in Deinem K\u00f6rper pr\u00e4sent und gefestigt sp\u00fcren.<\/p>\n\n\n\n<p>Beispiele einer Session: Energie-Reading + Trance-Healing, Heilung des inneren Kindes, Ahnenheilung, Geb\u00e4rmutterheilung, Mental-Coaching und Gef\u00fchlsarbeit, Karma Heilung, Akasha-Chronik Lesung<\/p>\n\n\n\n<h4 class=\"wp-block-heading\"><strong>Preis: 165 \u20ac +<\/strong> 25 \u20ac, wenn Du eine Vor-Ort-Session bei Dir zu Hause in M\u00fcnchen w\u00e4hlst<\/h4>\n<\/div>\n\n\n\n<div class=\"wp-block-group has-accent-3-background-color has-background has-global-padding is-layout-constrained wp-container-core-group-is-layout-4 wp-block-group-is-layout-constrained\" style=\"border-radius:30px;padding-top:30px;padding-right:30px;padding-bottom:30px;padding-left:30px\">\n<h2 class=\"wp-block-heading\" id=\"soulfire\">1:1 SoulFire &amp; Kundalini Activation<\/h2>\n\n\n\n<h3 class=\"wp-block-heading\" id=\"1Soulfire\">1 x 1:1 Activation<\/h3>\n\n\n\n<p><strong>Dauer:<\/strong> 90  (online)<\/p>\n\n\n\n<p>Finde zur\u00fcck zu Deinem Licht, befreie Dich von emotionalem Ballast und aktiviere Dein Seelenfeuer, um Dich wieder tief mit Dir selbst zu verbinden. Lass los und erkenne Dich und das, was Dir wirklich wichtig ist.<\/p>\n\n\n\n<h4 class=\"wp-block-heading\"><strong>Preis: 177 \u20ac <\/strong>+ 25 \u20ac, wenn Du eine Vor-Ort-Session bei Dir zu Hause in M\u00fcnchen w\u00e4hlst<\/h4>\n\n\n\n<hr class=\"wp-block-separator has-alpha-channel-opacity is-style-wide\"\/>\n\n\n\n<h3 class=\"wp-block-heading\">Special Bundle &#8211; 5 x 1:1 Activations<\/h3>\n\n\n\n<p><strong>Dauer:<\/strong> 5 x 90 Minuten (online)<\/p>\n\n\n\n<p>Erlebe 5 Sessions in Deinem Seelenfeuer, verbunden mit Deiner Essenz, Deiner Energie. Wir aktivieren und st\u00e4rken\u00a0Love, Light, Lifeforce, Listening &amp; Liveliness\u00a0in Dir. Die Qualit\u00e4ten, die bereits in Dir wohnen und Dir helfen k\u00f6nnen, Dein Leben selbstbestimmt, in Klarheit, Selbstliebe und Lebenskraft zu leben.<\/p>\n\n\n\n<h4 class=\"wp-block-heading\"><strong>Preis: <\/strong>599 \u20ac anstatt 885 \u20ac <\/h4>\n\n\n\n<p><strong>Optional zu buchbar:<\/strong><\/p>\n\n\n\n<ul class=\"wp-block-list\">\n<li> <strong>+ 125 \u20ac, wenn Du die 5 Sessions Vor-Ort bei Dir zu Hause in M\u00fcnchen w\u00e4hlst (25\u20ac pro Session)<\/strong><\/li>\n<\/ul>\n<\/div>\n\n\n\n<div class=\"wp-block-group has-accent-3-background-color has-background has-global-padding is-layout-constrained wp-container-core-group-is-layout-5 wp-block-group-is-layout-constrained\" style=\"border-radius:30px;padding-top:30px;padding-right:30px;padding-bottom:30px;padding-left:30px\">\n<h2 class=\"wp-block-heading\" id=\"soulfiregroup\">Vor Ort Gruppen SoulFire &amp; Kundalini Activations in M\u00fcnchen<\/h2>\n\n\n\n<h3 class=\"wp-block-heading\" id=\"1Soulfire\">Gruppen Activations in M\u00fcnchen<\/h3>\n\n\n\n<p><strong>Dauer:<\/strong> 120 - 150 Minuten (vor Ort)<\/p>\n\n\n\n<p>Komm in eine meiner Gruppen Activations in M\u00fcnchen. Die Teilnahme an einer Session vor Ort in einer magischen Gruppe vertieft die Energie und verst\u00e4rkt die M\u00f6glichkeiten der Befreiung, Heilung und tiefen inneren Ruhe und Harmonie. <\/p>\n\n\n\n<p><strong>N\u00e4chste Activation:<\/strong> Freitag, 24. Oktober 19 21.20 Uhr mit Kakao Zeremonie im Onu Space<\/p>\n\n\n\n<p>Du findest alle Termine und die Informationen zur Buchung <a href=\"https:\/\/lena-christin.meetfy.online\/soulfire\" title=\" hier\">hier<\/a>.<\/p>\n\n\n\n<p>Komm in meine <a href=\"https:\/\/chat.whatsapp.com\/K5a903LLjtk6cUM8jqEig8?mode=ems_copy_t\" title=\"WhatApp Gruppe\">WhatApp Gruppe<\/a> f\u00fcr weitere Termine und Sessions in M\u00fcnchen.<\/p>\n\n\n\n<h4 class=\"wp-block-heading\"><strong>Price: 55 \u20ac &#8211; 66 \u20ac <\/strong><\/h4>\n<\/div>\n\n\n\n<div class=\"wp-block-group has-accent-3-background-color has-background has-global-padding is-layout-constrained wp-container-core-group-is-layout-8 wp-block-group-is-layout-constrained\" style=\"border-radius:30px;padding-top:30px;padding-right:30px;padding-bottom:30px;padding-left:30px\">\n<h2 class=\"wp-block-heading\" id=\"compass\">1 x 1:1 Align with your inner compass<\/h2>\n\n\n\n<p>Lerne, wie Du f\u00fcr Dich selbst Blockaden austesten kannst, welche Lebensmittel Dir wirklich guttun und wie Du Dich mit Deiner K\u00f6rperweisheit verbindest. So lernst Du, Dir, Deiner Intuition und Deinem K\u00f6rper wieder voll zu vertrauen.<\/p>\n\n\n\n<p>Du erh\u00e4ltst Deine ganz pers\u00f6nliche Unterst\u00fctzung bei Entscheidungen, kommst in Deine Kraft, weil Du Dich mit genau dem n\u00e4hrst, was Du brauchst \u2013 und dadurch mehr Klarheit, Leichtigkeit und innere Sicherheit in Dein Leben bringst.<\/p>\n\n\n\n<hr class=\"wp-block-separator has-alpha-channel-opacity is-style-wide\"\/>\n\n\n\n<p><strong>Dauer: <\/strong>120 Minuten (online)<\/p>\n\n\n\n<hr class=\"wp-block-separator has-alpha-channel-opacity is-style-wide\"\/>\n\n\n\n<div class=\"wp-block-group is-nowrap is-layout-flex wp-container-core-group-is-layout-7 wp-block-group-is-layout-flex\">\n<div class=\"wp-block-group has-accent-4-background-color has-background has-global-padding is-content-justification-center is-layout-constrained wp-container-core-group-is-layout-6 wp-block-group-is-layout-constrained\" style=\"border-radius:60px;padding-top:10px;padding-right:10px;padding-bottom:10px;padding-left:10px\">\n<p class=\"has-text-align-center\" style=\"font-size:clamp(14px, 0.875rem + ((1vw - 3.2px) * 0.208), 16px);line-height:1\">+ Anleitung und Dokumentation<\/p>\n<\/div>\n<\/div>\n\n\n\n<h4 class=\"wp-block-heading\"><strong>Preis: 222 \u20ac<\/strong><\/h4>\n\n\n\n<p><\/p>\n<\/div>\n\n\n\n<div class=\"wp-block-group has-accent-3-background-color has-background has-global-padding is-layout-constrained wp-container-core-group-is-layout-9 wp-block-group-is-layout-constrained\" style=\"border-radius:30px;padding-top:30px;padding-right:30px;padding-bottom:30px;padding-left:30px\">\n<h2 class=\"wp-block-heading\" id=\"bundle\">Bundle &#8211; Deep Energy Healing Sessions<\/h2>\n\n\n\n<p>W\u00e4hle 3 oder 5 tiefgehende Sessions, um ein Lebensthema ganzheitlich zu transformieren. Gemeinsam l\u00f6sen wir Blockaden auf allen Ebenen \u2013 Geist, K\u00f6rper, Emotionen &amp; Seele, \u2013 damit Du Dich wieder leichter, freier und vollst\u00e4ndig verbunden f\u00fchlst.<\/p>\n\n\n\n<h3 class=\"wp-block-heading\">3 x 1:1 Deep Energy Healing Sessions<\/h3>\n\n\n\n<p>Erlebe drei tiefgehende Healing Sessions auf allen Ebenen Deines Seins \u2013 emotional, mental und k\u00f6rperlich. \u00d6ffne Dich f\u00fcr Magie, Klarheit und ein neues Gef\u00fchl des Lebens und Erlebens.\u2728<\/p>\n\n\n\n<h4 class=\"wp-block-heading\"><strong>Preis: 444 \u20ac anstatt 495 \u20ac<\/strong><\/h4>\n\n\n\n<ul class=\"wp-block-list\">\n<li><strong>+ 75 \u20ac, wenn Du die 3 Sessions Vor-Ort bei Dir zu Hause in M\u00fcnchen w\u00e4hlst (25\u20ac pro Session)<\/strong><\/li>\n<\/ul>\n\n\n\n<hr class=\"wp-block-separator has-alpha-channel-opacity is-style-wide\"\/>\n\n\n\n<h3 class=\"wp-block-heading\">5 x 1:1 Deep Energy Healing Sessions<\/h3>\n\n\n\n<p>Begib Dich auf eine 5-teilige Healing Journey. L\u00f6se alte Muster, aktiviere Deine Lebensenergie und finde Ruhe in Dir.<\/p>\n\n\n\n<hr class=\"wp-block-separator has-alpha-channel-opacity is-style-wide\"\/>\n\n\n\n<h4 class=\"wp-block-heading\"><strong>Preis: 777 \u20ac anstatt 825 \u20ac<\/strong><\/h4>\n\n\n\n<ul class=\"wp-block-list\">\n<li><strong>+ 125 \u20ac, wenn Du die 5 Sessions Vor-Ort bei Dir zu Hause in M\u00fcnchen w\u00e4hlst (25 \u20ac pro Session)<\/strong><\/li>\n<\/ul>\n\n\n\n<p><\/p>\n<\/div>\n\n\n\n<div class=\"wp-block-group has-accent-3-background-color has-background has-global-padding is-layout-constrained wp-container-core-group-is-layout-10 wp-block-group-is-layout-constrained\" style=\"border-radius:30px;padding-top:30px;padding-right:30px;padding-bottom:30px;padding-left:30px\">\n<h2 class=\"wp-block-heading\" id=\"mentoring\">Reclaim your 5 L Code: Langzeit Begleitung<\/h2>\n\n\n\n<p>Das Langzeit-Mentoring, \"Reclaim your 5 L Code \u2013  Love, Light, Lifeforce, Listening &amp; Liveliness\", wird Dir helfen, wieder bei Dir selbst anzukommen, Dich mit Deiner Energie, Einzigartigkeit und Essenz zu verbinden.<br>Du lernst, alte Blockaden zu l\u00f6sen, Deine K\u00f6rperweisheit zu aktivieren und Dein Energiesystem nachhaltig zu st\u00e4rken.<\/p>\n\n\n\n<p>Neben tiefgehender Energieheilung und transformierendem Coaching \u2013 mit Heilung auf mentaler, emotionaler, k\u00f6rperlicher und spiritueller Ebene \u2013 gewinnst Du mehr Selbstvertrauen, Selbstliebe und innere Klarheit sowie die R\u00fcckverbindung zu Deinem inneren Feuer und Deinem authentischen Selbst.<\/p>\n\n\n\n<p>Deine Reise wird begleitet und geleitet durch Deine&nbsp;<strong>5 L<\/strong>&nbsp;- die Aspekte Deines einzigartigen und authentischen Selbst.<\/p>\n\n\n\n<p>\ud83d\udc9b&nbsp;<strong>Love - Liebe<\/strong>&nbsp;- tiefe Selbstliebe und gesunde Beziehungen<br>\u2728&nbsp;<strong>Light - Licht<\/strong>&nbsp;- sieh und f\u00fchle Dein inneres Licht - lass es Dich leiten, voller Klarheit, Vision und innerer F\u00fchrung <br>\ud83d\udd25&nbsp;<strong>Lifeforce - Lebenskraft<\/strong>&nbsp;- Energie, Vitalit\u00e4t und K\u00f6rperbewusstsein anstatt M\u00fcdigkeit, Antriebslosigkeit und nur noch funktionieren<br>\ud83d\udc42&nbsp;<strong>Listening - Zuh\u00f6ren (Intuition)<\/strong>&nbsp;- vertraue Deiner K\u00f6rperweisheit und Intuition, finde zur\u00fcck zu Deiner inneren Stimme, anstatt nach Antworten und Ratschl\u00e4gen im Au\u00dfen zu suchen<br>\ud83d\udc83&nbsp;<strong>Liveliness - Lebendigkeit<\/strong>&nbsp;- Freude, Freiheit und pure Lebendigkeit mit F\u00fchlen, Sp\u00fcren, Lachen und das Leben, das Du willst, f\u00fchren und genie\u00dfen<\/p>\n\n\n\n<p><strong>Last but not least:<\/strong> langfristige Ver\u00e4nderung statt kurzfristiger Erfolge.<\/p>\n\n\n\n<h3 class=\"wp-block-heading\"><strong>Was Du erh\u00e4ltst<\/strong><\/h3>\n\n\n\n<ul class=\"wp-block-list\">\n<li>22 lebensver\u00e4ndernde Wochen<\/li>\n\n\n\n<li>5 SoulFire Activations<\/li>\n\n\n\n<li>5 individuelle und intuitive energetische Coaching \/ Heilungs-Sessions<\/li>\n\n\n\n<li>1 x Align your inner Compass Special<\/li>\n\n\n\n<li>Workbooks und Meditationen<\/li>\n\n\n\n<li>SoulFul &#8211; CheckIn:\n<ul class=\"wp-block-list\">\n<li>Zwischen unseren Sessions erh\u00e4ltst Du Nachrichten, Voice-Messages, Feedback und Impulse - Dein kleiner Alltags-Anker.<\/li>\n\n\n\n<li>T\u00e4gliche M\u00f6glichkeit f\u00fcr Check-Ins via WhatApp mit Antworten innerhalb von ein paar Stunden (Mo-Fr 10 - 20 Uhr).<\/li>\n<\/ul>\n<\/li>\n<\/ul>\n\n\n\n<hr class=\"wp-block-separator has-alpha-channel-opacity is-style-wide\"\/>\n\n\n\n<p><strong>Dauer:<\/strong> 22 Wochen<\/p>\n\n\n\n<hr class=\"wp-block-separator has-alpha-channel-opacity is-style-wide\"\/>\n\n\n\n<p>more Information for <strong>RECLAIM YOUR 5 L CODE<\/strong> you can find <a href=\"https:\/\/lena-christin.com\/de\/reclaim-the-5-l-code\/\" title=\"hier\">hier<\/a>.<\/p>\n\n\n\n<h4 class=\"wp-block-heading\"><strong>Preis: 3.999 \u20ac<\/strong><\/h4>\n<\/div>\n\n\n\n<div class=\"wp-block-group has-accent-3-background-color has-background is-layout-flow wp-block-group-is-layout-flow\" style=\"border-radius:30px;padding-top:30px;padding-right:30px;padding-bottom:30px;padding-left:30px\">\n<h2 class=\"wp-block-heading\" id=\"getintouch\" style=\"padding-top:0;padding-bottom:0\">Hast Du Fragen?<\/h2>\n\n\n\n<p>Gerne k\u00f6nnen wir uns zu einem kostenlosen Kennlern-Gespr\u00e4ch treffen, in dem ich Dir Deine Fragen beantworte und Dir helfe, das f\u00fcr Dich geeignete Angebot zu finden.<\/p>\n\n\n\n<div class=\"wp-block-buttons is-layout-flex wp-block-buttons-is-layout-flex\">\n<div class=\"wp-block-button has-custom-width wp-block-button__width-100 has-custom-font-size is-style-fill has-noto-sans-font-family has-medium-font-size\"><a class=\"wp-block-button__link has-base-2-color has-accent-2-background-color has-text-color has-background has-link-color wp-element-button\" href=\"https:\/\/lena-christin.tucalendi.com\/lena-christin\/kennlerncall\" style=\"border-radius:5px\" target=\"_blank\" rel=\"noreferrer noopener\">Ein kostenloses Erstgespr\u00e4ch buchen<\/a><\/div>\n<\/div>\n\n\n\n<p style=\"font-size:clamp(14px, 0.875rem + ((1vw - 3.2px) * 0.208), 16px);\">Oder kontaktiere mich per <a data-type=\"mailto\" data-id=\"mailto:mail@lena-christin.com\" href=\"mailto:mail@lena-christin.com\">Email<\/a> oder <a href=\"https:\/\/wa.me\/4915234571867\" target=\"_blank\" rel=\"noopener\" title=\"\">WhatsApp<\/a><\/p>\n<\/div>\n\n\n\n<p><\/p>\n\n\n\n<p><\/p>","protected":false},"excerpt":{"rendered":"<p>Here you can find a full list about my prices for sessions, bundles and long term mentoring. 1:1 Energy Reading \/ Healing1:1 SoulFire &amp; Kundalini ActivationGroup SoulFire &amp; Kundalini Activations in MunichSpecial: Align with your inner compassEnergy Healing BundlesLang-Zeit Mentoring Begleitung In the sessions and packages I offer,&nbsp; we work on all levels of your [&hellip;]<\/p>","protected":false},"author":1,"featured_media":0,"parent":0,"menu_order":0,"comment_status":"closed","ping_status":"closed","template":"","meta":{"footnotes":""},"class_list":["post-1869","page","type-page","status-publish","hentry"],"aioseo_notices":[],"_hostinger_reach_plugin_has_subscription_block":false,"_hostinger_reach_plugin_is_elementor":false,"_links":{"self":[{"href":"https:\/\/lena-christin.com\/de\/wp-json\/wp\/v2\/pages\/1869"}],"collection":[{"href":"https:\/\/lena-christin.com\/de\/wp-json\/wp\/v2\/pages"}],"about":[{"href":"https:\/\/lena-christin.com\/de\/wp-json\/wp\/v2\/types\/page"}],"author":[{"embeddable":true,"href":"https:\/\/lena-christin.com\/de\/wp-json\/wp\/v2\/users\/1"}],"replies":[{"embeddable":true,"href":"https:\/\/lena-christin.com\/de\/wp-json\/wp\/v2\/comments?post=1869"}],"version-history":[{"count":59,"href":"https:\/\/lena-christin.com\/de\/wp-json\/wp\/v2\/pages\/1869\/revisions"}],"predecessor-version":[{"id":2003,"href":"https:\/\/lena-christin.com\/de\/wp-json\/wp\/v2\/pages\/1869\/revisions\/2003"}],"wp:attachment":[{"href":"https:\/\/lena-christin.com\/de\/wp-json\/wp\/v2\/media?parent=1869"}],"curies":[{"name":"wp","href":"https:\/\/api.w.org\/{rel}","templated":true}]}}