{"id":1863,"date":"2025-08-18T18:38:37","date_gmt":"2025-08-18T18:38:37","guid":{"rendered":"https:\/\/lena-christin.com\/?page_id=1863"},"modified":"2025-08-19T18:22:20","modified_gmt":"2025-08-19T18:22:20","slug":"align-with-your-inner-compass","status":"publish","type":"page","link":"https:\/\/lena-christin.com\/de\/align-with-your-inner-compass\/","title":{"rendered":"Align with your inner Compass"},"content":{"rendered":"<p>In diesem Special zeige ich Dir, wie Du selbst Blockaden austesten kannst, welche Lebensmittel Dir wirklich guttun und wie Du Dich mit Deiner K\u00f6rperweisheit verbindest. So lernst Du, Dir, Deiner Intuition und Deinem K\u00f6rper wieder voll zu vertrauen.<\/p>\n\n\n\n<p>Du erh\u00e4ltst Deine ganz pers\u00f6nliche Unterst\u00fctzung bei Entscheidungen, kommst in Deine Kraft, weil Du Dich mit genau dem n\u00e4hrst, was Du brauchst \u2013 und dadurch mehr Klarheit, Leichtigkeit und innere Sicherheit in Dein Leben bringst.<\/p>\n\n\n\n<h2 class=\"wp-block-heading\">Dein innerer Kompass...<\/h2>\n\n\n\n<p>\u2728 Stell Dir vor, Du k\u00f6nntest jederzeit selbst herausfinden, was Dir guttut \u2013 ohne st\u00e4ndiges Googeln, ohne Ratschl\u00e4ge von au\u00dfen mit \u201ees k\u00f6nnte dies und das sein\u201c oder \u201eprobiere doch xyz..\u201c.<\/p>\n\n\n\n<p>Mit dem Tensor, erh\u00e4ltst Du ein kraftvolles Werkzeug, das Dich direkt mit Deiner K\u00f6rperweisheit verbindet. Ein Zauberstab, gebunden mit Deiner inneren Weisheit, der Dir hilft, Deine Wahrheit sichtbar zu machen und spielend leicht Antworten - nur f\u00fcr Dich - zu bekommen, die Dir Dein Verstand oft verschleiert.<\/p>\n\n\n\n<h3 class=\"wp-block-heading\">In diesem Special zeige ich Dir Schritt f\u00fcr Schritt..<\/h3>\n\n\n\n<ul class=\"wp-block-list\">\n<li>wie Du Blockaden - k\u00f6rperlich, emotional oder mental - aufsp\u00fcren kannst, die Dich bremsen oder Energie ziehen<\/li>\n\n\n\n<li>wie Du Lebensmittel und Nahrungserg\u00e4nzungsmittel austestest, um herauszufinden, was Dein K\u00f6rper wirklich braucht, was Dir wirklich gut tut und Energie liefert<\/li>\n\n\n\n<li>wie Du Dir eine verl\u00e4ssliche Unterst\u00fctzung f\u00fcr Entscheidungen und Antworten im Einklang mit Deinem Herzen, Deinem K\u00f6rper und Deiner Intuition aufbaust \u2013 ob im Alltag, in Beziehungen, bei der Arbeit oder in Deiner Gesundheit<\/li>\n<\/ul>\n\n\n\n<p>Wir werden eine zweist\u00fcndige Online-Session zusammen haben \u2013 ein erstes vertrauensbildendes und spielerisches Experimentieren \u2013, in der ich Dir beibringen werde, wie Du mit Deinem Tensor arbeiten kannst, wie Du Deine Fragen so formulierst, dass die Antworten eindeutig sind, und wie Du somit Schritt f\u00fcr Schritt Deiner inneren Weisheit wieder n\u00e4her kommst.<\/p>\n\n\n\n<p>Du wirst zudem ein vollst\u00e4ndiges Manual erhalten. <\/p>\n\n\n\n<p>Bitte beachte, dass es notwendig ist, dass Du einen Tensor hast, bevor wir unsere Session haben. Hast Du Fragen, suchst eine Empfehlung oder hast Du sogar Interesse an einem Unikat, dann melde Dich gerne bei mir. <\/p>\n\n\n\n<h3 class=\"wp-block-heading\">Warum dieses Special genau richtig ist f\u00fcr Dich:<\/h3>\n\n\n\n<p>\u2728Du lernst, Deinem K\u00f6rper und Deiner Intuition zu vertrauen.<br>\u2728Du wirst unabh\u00e4ngig von \u00e4u\u00dferen Meinungen und bekommst Klarheit in Deinen Entscheidungen.<br>\u2728Du lernst, dass Dein K\u00f6rper, Dein System - Du - einzigartig bist und was f\u00fcr jemand anderen funktioniert, nicht unbedingt f\u00fcr Dich funktionieren muss.<br>\u2728Du st\u00e4rkst Dein Selbstvertrauen, weil Du merkst: die Antworten sind schon in mir.<br>\u2728Du findest Orientierung, wenn Dein Kopf voll ist und Du Dich unsicher f\u00fchlst.<br>\u2728Du kannst gezielt herausfinden, was Dich st\u00e4rkt, was Dich schw\u00e4cht und was Dich n\u00e4hrt.<\/p>\n\n\n\n<p>So wird der Tensor zu Deinem pers\u00f6nlichen Wegweiser \u2013 f\u00fcr mehr Leichtigkeit, Energie und Klarheit in Deinem Leben.<\/p>\n\n\n\n<p><strong>Special Angebot:<\/strong> 222\u20ac<\/p>\n\n\n\n<p>Buche Deine Session <a href=\"https:\/\/lena-christin.tucalendi.com\/energyhealing\/inner-compass\" data-type=\"link\" data-id=\"https:\/\/lena-christin.tucalendi.com\/energyhealing\/inner-compass\">hier<\/a> oder sende mir eine Nachricht.<\/p>\n\n\n\n<p><\/p>","protected":false},"excerpt":{"rendered":"<p>In this special combination &#8220;Align with your inner compass&#8221;, I will show you how you can test for blockages yourself, which foods are really good for you, and how you can connect with your body&#8217;s wisdom. This will help you learn to fully trust yourself, your intuition, and your body again. You will receive personalized [&hellip;]<\/p>","protected":false},"author":1,"featured_media":0,"parent":0,"menu_order":0,"comment_status":"closed","ping_status":"closed","template":"","meta":{"footnotes":""},"class_list":["post-1863","page","type-page","status-publish","hentry"],"aioseo_notices":[],"_hostinger_reach_plugin_has_subscription_block":false,"_hostinger_reach_plugin_is_elementor":false,"_links":{"self":[{"href":"https:\/\/lena-christin.com\/de\/wp-json\/wp\/v2\/pages\/1863"}],"collection":[{"href":"https:\/\/lena-christin.com\/de\/wp-json\/wp\/v2\/pages"}],"about":[{"href":"https:\/\/lena-christin.com\/de\/wp-json\/wp\/v2\/types\/page"}],"author":[{"embeddable":true,"href":"https:\/\/lena-christin.com\/de\/wp-json\/wp\/v2\/users\/1"}],"replies":[{"embeddable":true,"href":"https:\/\/lena-christin.com\/de\/wp-json\/wp\/v2\/comments?post=1863"}],"version-history":[{"count":3,"href":"https:\/\/lena-christin.com\/de\/wp-json\/wp\/v2\/pages\/1863\/revisions"}],"predecessor-version":[{"id":1867,"href":"https:\/\/lena-christin.com\/de\/wp-json\/wp\/v2\/pages\/1863\/revisions\/1867"}],"wp:attachment":[{"href":"https:\/\/lena-christin.com\/de\/wp-json\/wp\/v2\/media?parent=1863"}],"curies":[{"name":"wp","href":"https:\/\/api.w.org\/{rel}","templated":true}]}}