{"id":1826,"date":"2025-06-30T18:58:21","date_gmt":"2025-06-30T18:58:21","guid":{"rendered":"https:\/\/lena-christin.com\/?page_id=1826"},"modified":"2025-06-30T18:58:21","modified_gmt":"2025-06-30T18:58:21","slug":"about-chanelling","status":"publish","type":"page","link":"https:\/\/lena-christin.com\/de\/about-chanelling\/","title":{"rendered":"Channelling, Hellsinne, Medialit\u00e4t"},"content":{"rendered":"<p>Vielleicht hast Du all diese Begriffe schon einmal geh\u00f6rt, hast aber keine klare Vorstellung davon, was es ist, wie es geht und was da passiert? Dann bekommst Du hier Deine Antworten.<\/p>\n\n\n\n<p><strong>Channelling bedeutet....<\/strong><\/p>\n\n\n\n<p>... dass ich mich als Kanal zur Verf\u00fcgung stelle und mich mit einer h\u00f6heren Bewusstseinsebene verbinde - h\u00f6heren Frequenzen und Ebenen, auf der ich von Deinen Spirit Guides, Deiner Seele und Deinem Higherself Botschaften, Informationen, Bilder, Impulse oder Worte empfangen kann, die f\u00fcr Dich gerade wichtig sind.<\/p>\n\n\n\n<p>Dabei nutze ich meine Hellsinne z.\u202fB. Hellf\u00fchlen, Hellwissen oder Hellsehen \u2013 um feine Informationen aus Deinem Energiefeld wahrzunehmen.<br>Ich \"lese\" nicht mit dem Verstand, sondern mit meiner Intuition, meiner Wahrnehmung, meinem K\u00f6rper und meiner Verbindung zu etwas Gr\u00f6\u00dferem.<\/p>\n\n\n\n<p>Da ich w\u00e4hrend dem Channeling mit Dir und Deiner Energie verbunden bin, bekommst Du die Antworten, Impulse und Botschaften nicht aus meinem Kopf, sonder aus Deinem eigenen h\u00f6heren Wissen, dass durch mich hindurch flie\u00dft. \u2028<br>Die Weisheit kommt von Dir. Ich helfe Dir nur, sie wieder zu h\u00f6ren und \u00fcbersetze eine Sprache, die Du verlernt hast.<\/p>\n\n\n\n<p><strong>Medialit\u00e4t...<\/strong><\/p>\n\n\n\n<p>... ist die F\u00e4higkeit, Informationen aus feinstofflichen Ebenen wahrzunehmen \u2013 jenseits der f\u00fcnf k\u00f6rperlichen Sinne. Das mache ich \u00fcber meine Hellsinne.<\/p>\n\n\n\n<p>Wir alle haben Hellsinne, wir haben den Zugang nur zu ihnen verloren und wollen somit nur noch das \"Sichtbare\" und das \"Erkl\u00e4rbare sehen\".<\/p>\n\n\n\n<p>\u00dcber meine medialen F\u00e4higkeiten und Helllsinne kann ich Energien, Emotionen, Botschaften oder Bilder wahrnehmen, die nicht \"sichtbar\" sind \u2013 aber dennoch pr\u00e4sent und sp\u00fcrbar.<\/p>\n\n\n\n<p>Medial zu sein bedeutet oftmals auch sehr feinf\u00fchlig und sensibel zu sein. Ich nehme Energien und Schwingungen schnell war und kann diese entsprechend deuten.<\/p>","protected":false},"excerpt":{"rendered":"<p>Perhaps you&#8217;ve heard all these terms before, but don&#8217;t have a clear idea of what it is, how it works and what happens? Then you&#8217;ll get your answers here. Channelling means\u2026. \u2026 that I make myself available as a channel and connect with a higher level of consciousness &#8211; higher frequencies and levels on which [&hellip;]<\/p>","protected":false},"author":1,"featured_media":0,"parent":0,"menu_order":0,"comment_status":"closed","ping_status":"closed","template":"","meta":{"footnotes":""},"class_list":["post-1826","page","type-page","status-publish","hentry"],"aioseo_notices":[],"_hostinger_reach_plugin_has_subscription_block":false,"_hostinger_reach_plugin_is_elementor":false,"_links":{"self":[{"href":"https:\/\/lena-christin.com\/de\/wp-json\/wp\/v2\/pages\/1826"}],"collection":[{"href":"https:\/\/lena-christin.com\/de\/wp-json\/wp\/v2\/pages"}],"about":[{"href":"https:\/\/lena-christin.com\/de\/wp-json\/wp\/v2\/types\/page"}],"author":[{"embeddable":true,"href":"https:\/\/lena-christin.com\/de\/wp-json\/wp\/v2\/users\/1"}],"replies":[{"embeddable":true,"href":"https:\/\/lena-christin.com\/de\/wp-json\/wp\/v2\/comments?post=1826"}],"version-history":[{"count":1,"href":"https:\/\/lena-christin.com\/de\/wp-json\/wp\/v2\/pages\/1826\/revisions"}],"predecessor-version":[{"id":1827,"href":"https:\/\/lena-christin.com\/de\/wp-json\/wp\/v2\/pages\/1826\/revisions\/1827"}],"wp:attachment":[{"href":"https:\/\/lena-christin.com\/de\/wp-json\/wp\/v2\/media?parent=1826"}],"curies":[{"name":"wp","href":"https:\/\/api.w.org\/{rel}","templated":true}]}}